{"id":94,"date":"2021-08-11T16:31:54","date_gmt":"2021-08-11T14:31:54","guid":{"rendered":"http:\/\/refuge-athena.fr\/?page_id=94"},"modified":"2022-07-23T12:20:05","modified_gmt":"2022-07-23T10:20:05","slug":"douches-et-wc","status":"publish","type":"page","link":"https:\/\/refuge-athena.fr\/?page_id=94","title":{"rendered":"Douches et WC"},"content":{"rendered":"\n<h2 class=\"wp-block-heading\">Douches<\/h2>\n\n\n\n<p><strong>Le refuge d&rsquo;Ath\u00e9na met \u00e0 votre disposition deux vastes douches carrel\u00e9es. Nous vous fournissons le gel-douche et le shampoing ainsi que les serviettes de toilettes (lav\u00e9es et renouvel\u00e9es pour chaque s\u00e9jour). La salle de douche est compl\u00e9t\u00e9e par un lavabo. <\/strong><\/p>\n\n\n\n<p>Le ballon d&rsquo;eau chaude permet de d\u00e9livrer une dizaine de douches d\u00e8s votre arriv\u00e9e. L&rsquo;eau chaude est renouvel\u00e9e en permanence.<\/p>\n\n\n<div class=\"wp-block-image\">\n<figure class=\"aligncenter size-large is-resized\"><a href=\"https:\/\/refuge-athena.fr\/wp-content\/uploads\/2021\/08\/Douches-scaled.jpg\"><img loading=\"lazy\" decoding=\"async\" src=\"https:\/\/refuge-athena.fr\/wp-content\/uploads\/2021\/08\/Douches-768x1024.jpg\" alt=\"\" class=\"wp-image-20\" width=\"517\" height=\"689\" srcset=\"https:\/\/refuge-athena.fr\/wp-content\/uploads\/2021\/08\/Douches-768x1024.jpg 768w, https:\/\/refuge-athena.fr\/wp-content\/uploads\/2021\/08\/Douches-225x300.jpg 225w, https:\/\/refuge-athena.fr\/wp-content\/uploads\/2021\/08\/Douches-1152x1536.jpg 1152w, https:\/\/refuge-athena.fr\/wp-content\/uploads\/2021\/08\/Douches-1536x2048.jpg 1536w, https:\/\/refuge-athena.fr\/wp-content\/uploads\/2021\/08\/Douches-scaled.jpg 1920w\" sizes=\"auto, (max-width: 517px) 100vw, 517px\" \/><\/a><\/figure>\n<\/div>\n\n\n<h3 class=\"wp-block-heading\">WC<\/h3>\n\n\n\n<p>Deux toilettes et deux vasques sont \u00e0 votre disposition. <\/p>\n\n\n<div class=\"wp-block-image\">\n<figure class=\"aligncenter size-large\"><a href=\"https:\/\/refuge-athena.fr\/wp-content\/uploads\/2022\/07\/20220405_094921-scaled.jpg\"><img loading=\"lazy\" decoding=\"async\" width=\"768\" height=\"1024\" src=\"https:\/\/refuge-athena.fr\/wp-content\/uploads\/2022\/07\/20220405_094921-768x1024.jpg\" alt=\"\" class=\"wp-image-892\" srcset=\"https:\/\/refuge-athena.fr\/wp-content\/uploads\/2022\/07\/20220405_094921-768x1024.jpg 768w, https:\/\/refuge-athena.fr\/wp-content\/uploads\/2022\/07\/20220405_094921-225x300.jpg 225w, https:\/\/refuge-athena.fr\/wp-content\/uploads\/2022\/07\/20220405_094921-1152x1536.jpg 1152w, https:\/\/refuge-athena.fr\/wp-content\/uploads\/2022\/07\/20220405_094921-1536x2048.jpg 1536w, https:\/\/refuge-athena.fr\/wp-content\/uploads\/2022\/07\/20220405_094921-scaled.jpg 1920w\" sizes=\"auto, (max-width: 768px) 100vw, 768px\" \/><\/a><\/figure>\n<\/div>\n\n<div class=\"wp-block-image\">\n<figure class=\"aligncenter size-large is-resized\"><a href=\"https:\/\/refuge-athena.fr\/wp-content\/uploads\/2021\/08\/20210719_181957-scaled.jpg\"><img loading=\"lazy\" decoding=\"async\" src=\"https:\/\/refuge-athena.fr\/wp-content\/uploads\/2021\/08\/20210719_181957-1024x768.jpg\" alt=\"\" class=\"wp-image-18\" width=\"528\" height=\"397\" srcset=\"https:\/\/refuge-athena.fr\/wp-content\/uploads\/2021\/08\/20210719_181957-1024x768.jpg 1024w, https:\/\/refuge-athena.fr\/wp-content\/uploads\/2021\/08\/20210719_181957-300x225.jpg 300w, https:\/\/refuge-athena.fr\/wp-content\/uploads\/2021\/08\/20210719_181957-768x576.jpg 768w, https:\/\/refuge-athena.fr\/wp-content\/uploads\/2021\/08\/20210719_181957-1536x1152.jpg 1536w, https:\/\/refuge-athena.fr\/wp-content\/uploads\/2021\/08\/20210719_181957-2048x1536.jpg 2048w\" sizes=\"auto, (max-width: 528px) 100vw, 528px\" \/><\/a><\/figure>\n<\/div>","protected":false},"excerpt":{"rendered":"<p>Douches Le refuge d&rsquo;Ath\u00e9na met \u00e0 votre disposition deux vastes douches carrel\u00e9es. Nous vous fournissons le gel-douche et le shampoing ainsi que les serviettes de toilettes (lav\u00e9es et renouvel\u00e9es pour chaque s\u00e9jour). La salle de douche est compl\u00e9t\u00e9e par un lavabo. Le ballon d&rsquo;eau chaude permet de d\u00e9livrer une dizaine de douches d\u00e8s votre arriv\u00e9e. &hellip; <a href=\"https:\/\/refuge-athena.fr\/?page_id=94\" class=\"more-link\">Continuer la lecture de <span class=\"screen-reader-text\">Douches et WC<\/span>  <span class=\"meta-nav\">&rarr;<\/span><\/a><\/p>\n","protected":false},"author":1,"featured_media":0,"parent":0,"menu_order":0,"comment_status":"closed","ping_status":"closed","template":"","meta":{"footnotes":""},"class_list":["post-94","page","type-page","status-publish","hentry"],"_links":{"self":[{"href":"https:\/\/refuge-athena.fr\/index.php?rest_route=\/wp\/v2\/pages\/94","targetHints":{"allow":["GET"]}}],"collection":[{"href":"https:\/\/refuge-athena.fr\/index.php?rest_route=\/wp\/v2\/pages"}],"about":[{"href":"https:\/\/refuge-athena.fr\/index.php?rest_route=\/wp\/v2\/types\/page"}],"author":[{"embeddable":true,"href":"https:\/\/refuge-athena.fr\/index.php?rest_route=\/wp\/v2\/users\/1"}],"replies":[{"embeddable":true,"href":"https:\/\/refuge-athena.fr\/index.php?rest_route=%2Fwp%2Fv2%2Fcomments&post=94"}],"version-history":[{"count":5,"href":"https:\/\/refuge-athena.fr\/index.php?rest_route=\/wp\/v2\/pages\/94\/revisions"}],"predecessor-version":[{"id":894,"href":"https:\/\/refuge-athena.fr\/index.php?rest_route=\/wp\/v2\/pages\/94\/revisions\/894"}],"wp:attachment":[{"href":"https:\/\/refuge-athena.fr\/index.php?rest_route=%2Fwp%2Fv2%2Fmedia&parent=94"}],"curies":[{"name":"wp","href":"https:\/\/api.w.org\/{rel}","templated":true}]}}