{"id":88,"date":"2021-08-11T16:14:27","date_gmt":"2021-08-11T14:14:27","guid":{"rendered":"http:\/\/refuge-athena.fr\/?page_id=88"},"modified":"2023-06-18T10:52:32","modified_gmt":"2023-06-18T08:52:32","slug":"lhebergement","status":"publish","type":"page","link":"https:\/\/refuge-athena.fr\/?page_id=88","title":{"rendered":"La grande salle"},"content":{"rendered":"\n<p><strong>L&rsquo;h\u00e9bergement au refuge d&rsquo;Ath\u00e9na se situe dans un ancien grenier \u00e0 grains, sur trois \u00e9tages. <\/strong><\/p>\n\n\n<div class=\"wp-block-image\">\n<figure class=\"aligncenter size-full\"><a href=\"https:\/\/refuge-athena.fr\/wp-content\/uploads\/2022\/05\/20220405_094739-scaled.jpg\"><img loading=\"lazy\" decoding=\"async\" width=\"2560\" height=\"1920\" src=\"https:\/\/refuge-athena.fr\/wp-content\/uploads\/2022\/05\/20220405_094739-scaled.jpg\" alt=\"\" class=\"wp-image-764\" srcset=\"https:\/\/refuge-athena.fr\/wp-content\/uploads\/2022\/05\/20220405_094739-scaled.jpg 2560w, https:\/\/refuge-athena.fr\/wp-content\/uploads\/2022\/05\/20220405_094739-300x225.jpg 300w, https:\/\/refuge-athena.fr\/wp-content\/uploads\/2022\/05\/20220405_094739-1024x768.jpg 1024w, https:\/\/refuge-athena.fr\/wp-content\/uploads\/2022\/05\/20220405_094739-768x576.jpg 768w, https:\/\/refuge-athena.fr\/wp-content\/uploads\/2022\/05\/20220405_094739-1536x1152.jpg 1536w, https:\/\/refuge-athena.fr\/wp-content\/uploads\/2022\/05\/20220405_094739-2048x1536.jpg 2048w\" sizes=\"auto, (max-width: 2560px) 100vw, 2560px\" \/><\/a><\/figure>\n<\/div>\n\n<div class=\"wp-block-image\">\n<figure class=\"aligncenter size-large is-resized\"><a href=\"https:\/\/refuge-athena.fr\/wp-content\/uploads\/2022\/05\/1652727866671-scaled.jpg\"><img loading=\"lazy\" decoding=\"async\" src=\"https:\/\/refuge-athena.fr\/wp-content\/uploads\/2022\/05\/1652727866671-1024x768.jpg\" alt=\"\" class=\"wp-image-774\" width=\"506\" height=\"379\" srcset=\"https:\/\/refuge-athena.fr\/wp-content\/uploads\/2022\/05\/1652727866671-1024x768.jpg 1024w, https:\/\/refuge-athena.fr\/wp-content\/uploads\/2022\/05\/1652727866671-300x225.jpg 300w, https:\/\/refuge-athena.fr\/wp-content\/uploads\/2022\/05\/1652727866671-768x576.jpg 768w, https:\/\/refuge-athena.fr\/wp-content\/uploads\/2022\/05\/1652727866671-1536x1152.jpg 1536w, https:\/\/refuge-athena.fr\/wp-content\/uploads\/2022\/05\/1652727866671-2048x1536.jpg 2048w\" sizes=\"auto, (max-width: 506px) 100vw, 506px\" \/><\/a><figcaption class=\"wp-element-caption\">Vues d&rsquo;ensemble de la salle d&rsquo;accueil<\/figcaption><\/figure>\n<\/div>\n\n\n<p>Au premier \u00e9tage se situe la pi\u00e8ce d&rsquo;accueil et de repos. Vous trouverez ici toutes les commodit\u00e9s d&rsquo;un g\u00eete dont un bar-cuisine \u00e9quip\u00e9&#8230;<\/p>\n\n\n<div class=\"wp-block-image\">\n<figure class=\"aligncenter size-large is-resized\"><a href=\"https:\/\/refuge-athena.fr\/wp-content\/uploads\/2022\/05\/20220405_095438-scaled.jpg\"><img loading=\"lazy\" decoding=\"async\" src=\"https:\/\/refuge-athena.fr\/wp-content\/uploads\/2022\/05\/20220405_095438-1024x768.jpg\" alt=\"\" class=\"wp-image-768\" width=\"506\" height=\"380\" srcset=\"https:\/\/refuge-athena.fr\/wp-content\/uploads\/2022\/05\/20220405_095438-1024x768.jpg 1024w, https:\/\/refuge-athena.fr\/wp-content\/uploads\/2022\/05\/20220405_095438-300x225.jpg 300w, https:\/\/refuge-athena.fr\/wp-content\/uploads\/2022\/05\/20220405_095438-768x576.jpg 768w, https:\/\/refuge-athena.fr\/wp-content\/uploads\/2022\/05\/20220405_095438-1536x1152.jpg 1536w, https:\/\/refuge-athena.fr\/wp-content\/uploads\/2022\/05\/20220405_095438-2048x1536.jpg 2048w\" sizes=\"auto, (max-width: 506px) 100vw, 506px\" \/><\/a><figcaption class=\"wp-element-caption\">La cuisine<\/figcaption><\/figure>\n<\/div>\n\n<div class=\"wp-block-image\">\n<figure class=\"aligncenter size-large\"><a href=\"https:\/\/refuge-athena.fr\/wp-content\/uploads\/2022\/07\/20220403_092433-1-scaled.jpg\"><img loading=\"lazy\" decoding=\"async\" width=\"768\" height=\"1024\" src=\"https:\/\/refuge-athena.fr\/wp-content\/uploads\/2022\/07\/20220403_092433-1-768x1024.jpg\" alt=\"\" class=\"wp-image-886\" srcset=\"https:\/\/refuge-athena.fr\/wp-content\/uploads\/2022\/07\/20220403_092433-1-768x1024.jpg 768w, https:\/\/refuge-athena.fr\/wp-content\/uploads\/2022\/07\/20220403_092433-1-225x300.jpg 225w, https:\/\/refuge-athena.fr\/wp-content\/uploads\/2022\/07\/20220403_092433-1-1152x1536.jpg 1152w, https:\/\/refuge-athena.fr\/wp-content\/uploads\/2022\/07\/20220403_092433-1-1536x2048.jpg 1536w, https:\/\/refuge-athena.fr\/wp-content\/uploads\/2022\/07\/20220403_092433-1-scaled.jpg 1920w\" sizes=\"auto, (max-width: 768px) 100vw, 768px\" \/><\/a><figcaption class=\"wp-element-caption\">Le coin repas : une table pour 8<\/figcaption><\/figure>\n<\/div>\n\n\n<p><\/p>\n\n\n<div class=\"wp-block-image\">\n<figure class=\"aligncenter size-large\"><a href=\"https:\/\/refuge-athena.fr\/wp-content\/uploads\/2022\/05\/20220403_092604-scaled.jpg\"><img loading=\"lazy\" decoding=\"async\" width=\"1024\" height=\"768\" src=\"https:\/\/refuge-athena.fr\/wp-content\/uploads\/2022\/05\/20220403_092604-1024x768.jpg\" alt=\"\" class=\"wp-image-765\" srcset=\"https:\/\/refuge-athena.fr\/wp-content\/uploads\/2022\/05\/20220403_092604-1024x768.jpg 1024w, https:\/\/refuge-athena.fr\/wp-content\/uploads\/2022\/05\/20220403_092604-300x225.jpg 300w, https:\/\/refuge-athena.fr\/wp-content\/uploads\/2022\/05\/20220403_092604-768x576.jpg 768w, https:\/\/refuge-athena.fr\/wp-content\/uploads\/2022\/05\/20220403_092604-1536x1152.jpg 1536w, https:\/\/refuge-athena.fr\/wp-content\/uploads\/2022\/05\/20220403_092604-2048x1536.jpg 2048w\" sizes=\"auto, (max-width: 1024px) 100vw, 1024px\" \/><\/a><figcaption class=\"wp-element-caption\">Le coin \u00ab\u00a0m\u00e9dia\u00a0\u00bb (Netflix, Prime, PS3, Bluetooth  etc)<\/figcaption><\/figure>\n<\/div>\n\n\n<p>&#8230;et un espace partag\u00e9 avec un salon \u00e9quip\u00e9 d&rsquo;un \u00e9cran plat 45&prime;, syst\u00e8me de son multim\u00e9dia Bluetooth et console de jeu PS3.  En raison de la l\u00e9gislation sur les droits d&rsquo;auteurs, nous ne pouvons pas vous proposer de musique, radio ou programme TV. N&rsquo;h\u00e9sitez pas \u00e0 apporter vos contenus m\u00e9dias, par ex. DVD, musiques ou jeux vid\u00e9os (PS3) sur votre smartphone par ex.<\/p>\n\n\n<div class=\"wp-block-image\">\n<figure class=\"aligncenter size-large is-resized\"><a href=\"https:\/\/refuge-athena.fr\/wp-content\/uploads\/2022\/05\/20220405_094833-scaled.jpg\"><img loading=\"lazy\" decoding=\"async\" src=\"https:\/\/refuge-athena.fr\/wp-content\/uploads\/2022\/05\/20220405_094833-1024x768.jpg\" alt=\"\" class=\"wp-image-767\" width=\"508\" height=\"381\" srcset=\"https:\/\/refuge-athena.fr\/wp-content\/uploads\/2022\/05\/20220405_094833-1024x768.jpg 1024w, https:\/\/refuge-athena.fr\/wp-content\/uploads\/2022\/05\/20220405_094833-300x225.jpg 300w, https:\/\/refuge-athena.fr\/wp-content\/uploads\/2022\/05\/20220405_094833-768x576.jpg 768w, https:\/\/refuge-athena.fr\/wp-content\/uploads\/2022\/05\/20220405_094833-1536x1152.jpg 1536w, https:\/\/refuge-athena.fr\/wp-content\/uploads\/2022\/05\/20220405_094833-2048x1536.jpg 2048w\" sizes=\"auto, (max-width: 508px) 100vw, 508px\" \/><\/a><figcaption class=\"wp-element-caption\">Le coin \u00ab\u00a0cocoon\u00a0\u00bb&#8230;<\/figcaption><\/figure>\n<\/div>\n\n\n<p><\/p>\n\n\n\n<p><strong>A noter<\/strong> :  <em>le Refuge<\/em> <em>d&rsquo;Ath\u00e9na est un lieu de de repos (dynamique !) dans un village calme. <strong>Nous ne pouvons pas accueillir de f\u00eates et d&rsquo;\u00e9v\u00e8nements<\/strong><\/em><\/p>\n\n\n\n<p>Enfin, au rez-de-chauss\u00e9e, un accueil pour les v\u00e9los avec un petit atelier de r\u00e9parations de base et une blanchisserie (machine \u00e0 laver s\u00e9chante,  fer et table \u00e0 repasser). Des prises sont disponibles pour recharger les v\u00e9los si n\u00e9cessaire.<\/p>\n\n\n<div class=\"wp-block-image\">\n<figure class=\"aligncenter size-large\"><a href=\"https:\/\/refuge-athena.fr\/wp-content\/uploads\/2021\/09\/20210909_122644-scaled-e1631183693943.jpg\" target=\"_blank\" rel=\"noreferrer noopener\"><img loading=\"lazy\" decoding=\"async\" width=\"988\" height=\"1024\" src=\"https:\/\/refuge-athena.fr\/wp-content\/uploads\/2021\/09\/20210909_122644-scaled-e1631183693943-988x1024.jpg\" alt=\"\" class=\"wp-image-431\" srcset=\"https:\/\/refuge-athena.fr\/wp-content\/uploads\/2021\/09\/20210909_122644-scaled-e1631183693943-988x1024.jpg 988w, https:\/\/refuge-athena.fr\/wp-content\/uploads\/2021\/09\/20210909_122644-scaled-e1631183693943-289x300.jpg 289w, https:\/\/refuge-athena.fr\/wp-content\/uploads\/2021\/09\/20210909_122644-scaled-e1631183693943-768x796.jpg 768w, https:\/\/refuge-athena.fr\/wp-content\/uploads\/2021\/09\/20210909_122644-scaled-e1631183693943-1482x1536.jpg 1482w, https:\/\/refuge-athena.fr\/wp-content\/uploads\/2021\/09\/20210909_122644-scaled-e1631183693943.jpg 1920w\" sizes=\"auto, (max-width: 988px) 100vw, 988px\" \/><\/a><\/figure>\n<\/div>\n\n\n<p><\/p>\n","protected":false},"excerpt":{"rendered":"<p>L&rsquo;h\u00e9bergement au refuge d&rsquo;Ath\u00e9na se situe dans un ancien grenier \u00e0 grains, sur trois \u00e9tages. Au premier \u00e9tage se situe la pi\u00e8ce d&rsquo;accueil et de repos. Vous trouverez ici toutes les commodit\u00e9s d&rsquo;un g\u00eete dont un bar-cuisine \u00e9quip\u00e9&#8230; &#8230;et un espace partag\u00e9 avec un salon \u00e9quip\u00e9 d&rsquo;un \u00e9cran plat 45&prime;, syst\u00e8me de son multim\u00e9dia Bluetooth &hellip; <a href=\"https:\/\/refuge-athena.fr\/?page_id=88\" class=\"more-link\">Continuer la lecture de <span class=\"screen-reader-text\">La grande salle<\/span>  <span class=\"meta-nav\">&rarr;<\/span><\/a><\/p>\n","protected":false},"author":1,"featured_media":0,"parent":0,"menu_order":0,"comment_status":"closed","ping_status":"closed","template":"","meta":{"footnotes":""},"class_list":["post-88","page","type-page","status-publish","hentry"],"_links":{"self":[{"href":"https:\/\/refuge-athena.fr\/index.php?rest_route=\/wp\/v2\/pages\/88","targetHints":{"allow":["GET"]}}],"collection":[{"href":"https:\/\/refuge-athena.fr\/index.php?rest_route=\/wp\/v2\/pages"}],"about":[{"href":"https:\/\/refuge-athena.fr\/index.php?rest_route=\/wp\/v2\/types\/page"}],"author":[{"embeddable":true,"href":"https:\/\/refuge-athena.fr\/index.php?rest_route=\/wp\/v2\/users\/1"}],"replies":[{"embeddable":true,"href":"https:\/\/refuge-athena.fr\/index.php?rest_route=%2Fwp%2Fv2%2Fcomments&post=88"}],"version-history":[{"count":23,"href":"https:\/\/refuge-athena.fr\/index.php?rest_route=\/wp\/v2\/pages\/88\/revisions"}],"predecessor-version":[{"id":1018,"href":"https:\/\/refuge-athena.fr\/index.php?rest_route=\/wp\/v2\/pages\/88\/revisions\/1018"}],"wp:attachment":[{"href":"https:\/\/refuge-athena.fr\/index.php?rest_route=%2Fwp%2Fv2%2Fmedia&parent=88"}],"curies":[{"name":"wp","href":"https:\/\/api.w.org\/{rel}","templated":true}]}}