{"id":799,"date":"2022-05-29T17:19:13","date_gmt":"2022-05-29T15:19:13","guid":{"rendered":"https:\/\/refuge-athena.fr\/?page_id=799"},"modified":"2025-05-21T15:48:29","modified_gmt":"2025-05-21T13:48:29","slug":"les-avis","status":"publish","type":"page","link":"https:\/\/refuge-athena.fr\/?page_id=799","title":{"rendered":"Les avis"},"content":{"rendered":"\n<h2 class=\"wp-block-heading\">Refuge d&rsquo;Ath\u00e9na : #avis<\/h2>\n\n\n\n<ul class=\"wp-block-list\">\n<li>Les avis de nos invit\u00e9s  sur <a href=\"https:\/\/www.google.com\/search?q=refuge+athena+google+map&amp;rlz=1C1CHBD_frFR883FR883&amp;oq=refuge+athena+google+map&amp;aqs=chrome..69i57j69i64.10776j0j7&amp;sourceid=chrome&amp;ie=UTF-8#lrd=0x47e6c316947388b1:0xc4af1afbc7425036,1,,,\" target=\"_blank\" rel=\"noreferrer noopener\">Google<\/a><\/li>\n\n\n\n<li>Les avis de nos invit\u00e9s sur <a href=\"https:\/\/www.airbnb.fr\/rooms\/51446624?adults=2&amp;check_in=2022-11-14&amp;check_out=2022-11-15&amp;federated_search_id=0707ebf8-51e3-4c81-ac5d-933270675551&amp;source_impression_id=p3_1653837219_DTG6AFx%2B8fG1zMjq\" target=\"_blank\" rel=\"noreferrer noopener\">AirBnb<\/a><\/li>\n\n\n\n<li>Les avis de nos invit\u00e9s sur <a href=\"https:\/\/www.booking.com\/hotel\/fr\/athenas-refuge-stopover-gite-on-the-farm-chaussy.fr.html?aid=304142&amp;label=gen173nr-1DCAEoggI46AdIM1gEaE2IAQGYAQ24ARjIAQzYAQPoAQGIAgGoAgS4ApWczpQGwAIB0gIkZmRkMjZmYjItNDk3Mi00MmU5LTk5MzAtZGY1Njg0MTYzZGU02AIE4AIB&amp;sid=74df10411b61e4d0179da2dca03df1f8&amp;dest_id=-1419514;dest_type=city;dist=0;group_adults=6;group_children=0;hapos=2;hpos=2;no_rooms=1;req_adults=6;req_children=0;room1=A%2CA%2CA%2CA%2CA%2CA;sb_price_type=total;sr_order=popularity;srepoch=1653837342;srpvid=1c7c6b4e2bdf0ac0;type=total;ucfs=1&amp;#tab-reviews\" target=\"_blank\" rel=\"noreferrer noopener\">Booking<\/a><\/li>\n<\/ul>\n\n\n\n<h2 class=\"wp-block-heading\">Laissez-nous votre avis !<\/h2>\n\n\n\n<p>Vous pouvez, vous aussi, <a rel=\"noreferrer noopener\" href=\"https:\/\/g.page\/r\/CTZQQsf7Gq_EEB0\/review\" target=\"_blank\">laisser votre avis <\/a>sur votre s\u00e9jour sur Google afin de permettre \u00e0 tous de profiter de votre exp\u00e9rience. Ca se passe <strong><a rel=\"noreferrer noopener\" href=\"https:\/\/g.page\/r\/CTZQQsf7Gq_EEB0\/review\" target=\"_blank\">ici<\/a><\/strong><\/p>\n\n\n\n<h2 class=\"wp-block-heading\">Quelques-uns de vos avis&#8230;<\/h2>\n\n\n\n<p><strong>Xavier | 5\/5 | Refuge d&rsquo;Ath\u00e9na<\/strong><br>Accueil tr\u00e8s sympa avec en plus une visite de la propri\u00e9t\u00e9 et des b\u00e2timents. le miel fabriqu\u00e9 par Eric est excellent&#8230; Le logement \u00e9tait impeccable et correspondait parfaitement \u00e0 la description et \u00e0 nos attentes. Je recommande fortement ce logement<br>Mai 2025<\/p>\n\n\n\n<p><strong>Edwige| 5\/5 | Refuge d&rsquo;Ath\u00e9na<\/strong><br>Nous avons pass\u00e9 un court mais tr\u00e8s bon s\u00e9jour chez \u00c9ric, nous avons \u00e9t\u00e9 tr\u00e8s bien accueillis par sa femme et lui. Le g\u00eete est tr\u00e8s agr\u00e9able, tres propre et tr\u00e8s bien \u00e9quip\u00e9, c\u2019est tr\u00e8s appr\u00e9ciable d\u2019avoir les draps et serviettes fournis, surtout pour une nuit. Je recommande<br>Mai 2025<\/p>\n\n\n\n<p><strong>Laetitia | 5\/5 | Refuge d&rsquo;Ath\u00e9na<\/strong><br>Merci \u00c9ric et Corinne pour leur accueil, leur disponibilit\u00e9. J&rsquo;organisais un s\u00e9jour Yoga\/ Rando. Le parc est magnifique et tres bien entretenu, un plaisir du pratiquer en ext\u00e9rieur. Chemins de randonn\u00e9e au pied du gite. Tout s&rsquo;est d\u00e9roul\u00e9 comme pr\u00e9vu. H\u00f4tes aux petits soins pour les convives. H\u00e2te de pouvoir y s\u00e9journer \u00e0 nouveau. A bient\u00f4t.<br>Juillet 2024<br><br><strong>Doroth\u00e9e| 5\/5 | Refuge d&rsquo;Ath\u00e9na<\/strong><br>Nous avons pass\u00e9 un tr\u00e8s bon week-end en famille, le g\u00eete est tr\u00e8s spacieux et bien \u00e9quip\u00e9. L\u2019environnement est magnifique et tr\u00e8s bien entretenu ! Nous avons \u00e9t\u00e9 tr\u00e8s bien accueillis ! Nous recommandons vivement le g\u00eete d\u2019Eric !<br>Juin 2024<\/p>\n\n\n\n<p><strong>C\u00e9cile| 5\/5 | Refuge d&rsquo;Ath\u00e9na<\/strong><br>Un accueil impeccable et tr\u00e8s chaleureux par Eric et Corinne, tous deux tr\u00e8s attentifs \u00e0 leurs h\u00f4tes avec de petites attentions aussi agr\u00e9ables qu&rsquo;inattendues, dans un cadre magnifique. Le gite est parfait, tr\u00e8s bien \u00e9quip\u00e9, propre et confortable (une r\u00e9novation impressionnante !). Les lits ne sont pas les uns sur les autres dans le dortoir, notre groupe de cinquantenaires s&rsquo;en est bien accommod\u00e9 en d\u00e9pit de quelques concerts nocturnes involontaires ! Un super lieu pour un super week-end, avis unanimes !<br>Mars 2024<\/p>\n\n\n\n<p><strong>Marion| 5\/5 | Refuge d&rsquo;Ath\u00e9na<\/strong><br>Excellent moment pass\u00e9 au refuge Athena entre amies, endroit tr\u00e8s cosy et chaleureux. \u00c9ric a \u00e9t\u00e9 tr\u00e8s arrangeant sur les horaires d\u2019arriv\u00e9e et de d\u00e9part, nous a mis \u00e0 disposition des appareils \u00e9lectrom\u00e9nagers suppl\u00e9mentaires pour cuisiner a notre demande. Le lieu est tr\u00e8s beau et a beaucoup de charme. Nous recommandons !<br>Octobre 2023<\/p>\n\n\n\n<p><strong>Sophie | 5\/5 | Refuge d&rsquo;Ath\u00e9na<\/strong><br>C&rsquo;est la seconde fois que nous venons chez Corinne et Eric et nous sommes enchant\u00e9s. La domaine est magnifique et les h\u00f4tes ont une grande conscience de l&rsquo;accueil. Nous sommes venus pour un stage de travail et nous avons b\u00e9n\u00e9fici\u00e9 du cadre id\u00e9al pour cela, ce qui nous a permis d&rsquo;aller au-del\u00e0 de nos objectifs. Merci \u00e0 vous deux<br>Septembre 2023<\/p>\n\n\n\n<p><strong>H\u00e9l\u00e8ne | 5\/5 | Refuge d&rsquo;Ath\u00e9na<\/strong><br>Excellent moment pass\u00e9 au refuge Athena entre amies, endroit tr\u00e8s cosy et chaleureux. \u00c9ric a \u00e9t\u00e9 tr\u00e8s arrangeant sur les horaires d\u2019arriv\u00e9e et de d\u00e9part, nous a mis \u00e0 disposition des appareils \u00e9lectrom\u00e9nagers suppl\u00e9mentaires pour cuisiner a notre demande. Le lieu est tr\u00e8s beau et a beaucoup de charme. Nous recommandons !<br>Visit\u00e9 en mai 2022<\/p>\n\n\n\n<p><strong>Christophe | 5\/5 | Refuge d&rsquo;Ath\u00e9na<\/strong> <br>Absolutely amazing stay at Domaine d&rsquo;Ath\u00e9na. Eric and Corrine are great guests and definitely went the extra mile to make us feel welcome. They helped with the organisation of our stay and whereabouts whilst in Chaussy. The food was gorgeous, all made with local products (from their own farm, hard to beat!!). The place is very clean, incredibly quiet (don&rsquo;t mind the ducks and chickens) and very well looked after. Finally Eric and Corrine are very smart people, and the conversation we had with them over ap\u00e9ritif and dinner was very nice and thought provoking. Highly recommended !<br> <em>Visit\u00e9 en mai 2022<\/em> <br><br><strong>Ulysse   | 5\/5 | Refuge d&rsquo;Ath\u00e9na<\/strong><br>Nous avons pass\u00e9 un s\u00e9jour merveilleux chez \u00c9ric et Corinne qui nous ont accueillis avec beaucoup de gentillesse et d&rsquo;attentions!<br>Leur ferme magnifique est id\u00e9alement situ\u00e9e sur la route cyclable du Paris Londres ! Ils proposent tout ce qu&rsquo;un randonneur peut souhaiter apr\u00e8s une longue journ\u00e9e: une chambre confortable, un bon repas avec des produits du jardin (en option mais on vous le conseille! ) et m\u00eame la possibilit\u00e9 de laver ses affaires si besoin. Ils proposent aussi des ateliers d&rsquo;initiation pour des activit\u00e9s artistiques et artisanales pour ceux qui veulent prolonger un peu la pause avant de reprendre la route.<br><em>Visit\u00e9 en d\u00e9cembre 2021<\/em><\/p>\n\n\n\n<p>G<strong>aetan | 5\/5 | <strong>Refuge<\/strong> d&rsquo;Ath\u00e9na <\/strong><br>Nous venons de passer un WE de rando-v\u00e9lo id\u00e9al sur la route de l&rsquo;Avenue verte Paris-London, beau temps et accueil parfait pour notre escale pass\u00e9e \u00e0 Chaussy. Corinne et Eric se sont montr\u00e9s chaleureux et tr\u00e8s disponibles, m\u00eame si nous sommes arriv\u00e9s assez t\u00f4t \ud83d\ude42 et savent donner de bons conseils pour les activit\u00e9s et lieux incontournables de la r\u00e9gion. Des v\u00e9los sont aussi disponibles sur place.<br>Nous les recommandons, bon moment assur\u00e9 !<br><em>Visit\u00e9 en mai 2022<\/em><\/p>\n\n\n\n<p>G<strong>uillaume | 5\/5 |  Refuge d&rsquo;Ath\u00e9na <\/strong><br>Pour profiter de deux journ\u00e9es au vert dans le Vexin, nous avons pass\u00e9 une nuit au Refuge d&rsquo;Ath\u00e9na et nous en sommes tr\u00e8s heureux. Quelle belle d\u00e9couverte ! Accueil impeccable de Corinne et Eric, tout est conforme aux infos du site&#8230; en mieux \ud83d\ude42 Tr\u00e8s beau coin du Vexin, entre vall\u00e9e de la Seine et plateau vallonn\u00e9 avec champs, bois, chemins, vielles fermes et jolis villages. C&rsquo;est un point de d\u00e9part id\u00e9al pour se balader \u00e0 v\u00e9lo ou randonner \u00e0 pied. La chambre est tr\u00e8s confortable, les b\u00e2timents ont une histoire, et nous avons beaucoup appr\u00e9ci\u00e9 la soir\u00e9e en compagnie des h\u00f4tes. Une adresse \u00e0 retenir !<br><em>Visit\u00e9 en mai 2022<\/em><\/p>\n\n\n\n<p><strong>Leila | 5\/5 |  <strong>Refuge<\/strong> d&rsquo;Ath\u00e9na <br><\/strong>Un accueil parfait lors de notre p\u00e9riple \u00e0 v\u00e9lo: h\u00f4te attentionn\u00e9s et chaleureux. Nous recommandons \u00e0 110%. Merci encore \u00e0 Corine et \u00c9ric pour leur gentillesse.<br><em>Visit\u00e9 en f\u00e9vrier 2022<\/em><\/p>\n\n\n\n<p><a href=\"https:\/\/www.google.com\/maps\/contrib\/111707916471391207586?hl=fr&amp;sa=X&amp;ved=2ahUKEwj73_35g4X4AhWFxoUKHU8NC4IQvfQBegQIARA4\"><\/a><strong>Emilie | 5\/5 |  <strong>Refuge<\/strong> d&rsquo;Ath\u00e9na <\/strong><br>Excellent s\u00e9jour au Domaine d\u2019Ath\u00e9na, Corinne et \u00c9ric nous ont tr\u00e8s bien accueilli ! Nous avons pass\u00e9 une superbe soir\u00e9e ensemble autour d\u2019un bon repas (recette que je referais chez moi \ud83d\ude09). Je recommande comme point d\u2019\u00e9tape pour vous d\u00e9tendre et discuter librement. \ud83d\ude0a<br><em>Visit\u00e9 en mai 2022<\/em><\/p>\n\n\n\n<p><\/p>\n\n\n\n<figure class=\"wp-block-table\"><table><tbody><tr><td><\/td><\/tr><\/tbody><\/table><\/figure>\n\n\n\n<p><\/p>\n","protected":false},"excerpt":{"rendered":"<p>Refuge d&rsquo;Ath\u00e9na : #avis Laissez-nous votre avis ! Vous pouvez, vous aussi, laisser votre avis sur votre s\u00e9jour sur Google afin de permettre \u00e0 tous de profiter de votre exp\u00e9rience. Ca se passe ici Quelques-uns de vos avis&#8230; Xavier | 5\/5 | Refuge d&rsquo;Ath\u00e9naAccueil tr\u00e8s sympa avec en plus une visite de la propri\u00e9t\u00e9 et &hellip; <a href=\"https:\/\/refuge-athena.fr\/?page_id=799\" class=\"more-link\">Continuer la lecture de <span class=\"screen-reader-text\">Les avis<\/span>  <span class=\"meta-nav\">&rarr;<\/span><\/a><\/p>\n","protected":false},"author":1,"featured_media":0,"parent":0,"menu_order":0,"comment_status":"closed","ping_status":"closed","template":"","meta":{"footnotes":""},"class_list":["post-799","page","type-page","status-publish","hentry"],"_links":{"self":[{"href":"https:\/\/refuge-athena.fr\/index.php?rest_route=\/wp\/v2\/pages\/799","targetHints":{"allow":["GET"]}}],"collection":[{"href":"https:\/\/refuge-athena.fr\/index.php?rest_route=\/wp\/v2\/pages"}],"about":[{"href":"https:\/\/refuge-athena.fr\/index.php?rest_route=\/wp\/v2\/types\/page"}],"author":[{"embeddable":true,"href":"https:\/\/refuge-athena.fr\/index.php?rest_route=\/wp\/v2\/users\/1"}],"replies":[{"embeddable":true,"href":"https:\/\/refuge-athena.fr\/index.php?rest_route=%2Fwp%2Fv2%2Fcomments&post=799"}],"version-history":[{"count":10,"href":"https:\/\/refuge-athena.fr\/index.php?rest_route=\/wp\/v2\/pages\/799\/revisions"}],"predecessor-version":[{"id":1134,"href":"https:\/\/refuge-athena.fr\/index.php?rest_route=\/wp\/v2\/pages\/799\/revisions\/1134"}],"wp:attachment":[{"href":"https:\/\/refuge-athena.fr\/index.php?rest_route=%2Fwp%2Fv2%2Fmedia&parent=799"}],"curies":[{"name":"wp","href":"https:\/\/api.w.org\/{rel}","templated":true}]}}