{"id":785,"date":"2022-05-29T17:01:14","date_gmt":"2022-05-29T15:01:14","guid":{"rendered":"https:\/\/refuge-athena.fr\/?page_id=785"},"modified":"2022-05-29T17:01:14","modified_gmt":"2022-05-29T15:01:14","slug":"le-bbq-du-refuge-dathena","status":"publish","type":"page","link":"https:\/\/refuge-athena.fr\/?page_id=785","title":{"rendered":"Le BBQ du Refuge d&rsquo;Ath\u00e9na"},"content":{"rendered":"\n<p>Les s\u00e9jours au Refuge d&rsquo;Ath\u00e9na sont l&rsquo;occasion de se retrouver entre amis et d&rsquo;avoir des activit\u00e9s. Ce qui donne faim !<\/p>\n\n\n\n<p>Au Refuge d&rsquo;Ath\u00e9na, vous disposez d&rsquo;un BBQ complet, install\u00e9 au c\u0153ur de l&rsquo;ancien pigeonnier<\/p>\n\n\n\n<figure class=\"wp-block-gallery columns-3 is-cropped wp-block-gallery-1 is-layout-flex wp-block-gallery-is-layout-flex\"><ul class=\"blocks-gallery-grid\"><li class=\"blocks-gallery-item\"><figure><a href=\"https:\/\/refuge-athena.fr\/wp-content\/uploads\/2022\/05\/BBQ4-scaled.jpg\"><img loading=\"lazy\" decoding=\"async\" width=\"1024\" height=\"771\" src=\"https:\/\/refuge-athena.fr\/wp-content\/uploads\/2022\/05\/BBQ4-1024x771.jpg\" alt=\"\" data-id=\"786\" data-full-url=\"https:\/\/refuge-athena.fr\/wp-content\/uploads\/2022\/05\/BBQ4-scaled.jpg\" data-link=\"https:\/\/refuge-athena.fr\/?attachment_id=786\" class=\"wp-image-786\" srcset=\"https:\/\/refuge-athena.fr\/wp-content\/uploads\/2022\/05\/BBQ4-1024x771.jpg 1024w, https:\/\/refuge-athena.fr\/wp-content\/uploads\/2022\/05\/BBQ4-300x226.jpg 300w, https:\/\/refuge-athena.fr\/wp-content\/uploads\/2022\/05\/BBQ4-768x578.jpg 768w, https:\/\/refuge-athena.fr\/wp-content\/uploads\/2022\/05\/BBQ4-1536x1157.jpg 1536w, https:\/\/refuge-athena.fr\/wp-content\/uploads\/2022\/05\/BBQ4-2048x1542.jpg 2048w\" sizes=\"auto, (max-width: 1024px) 100vw, 1024px\" \/><\/a><\/figure><\/li><li class=\"blocks-gallery-item\"><figure><a href=\"https:\/\/refuge-athena.fr\/wp-content\/uploads\/2022\/05\/BBQ3-scaled.jpg\"><img loading=\"lazy\" decoding=\"async\" width=\"771\" height=\"1024\" src=\"https:\/\/refuge-athena.fr\/wp-content\/uploads\/2022\/05\/BBQ3-771x1024.jpg\" alt=\"\" data-id=\"787\" data-full-url=\"https:\/\/refuge-athena.fr\/wp-content\/uploads\/2022\/05\/BBQ3-scaled.jpg\" data-link=\"https:\/\/refuge-athena.fr\/?attachment_id=787\" class=\"wp-image-787\" srcset=\"https:\/\/refuge-athena.fr\/wp-content\/uploads\/2022\/05\/BBQ3-771x1024.jpg 771w, https:\/\/refuge-athena.fr\/wp-content\/uploads\/2022\/05\/BBQ3-226x300.jpg 226w, https:\/\/refuge-athena.fr\/wp-content\/uploads\/2022\/05\/BBQ3-768x1020.jpg 768w, https:\/\/refuge-athena.fr\/wp-content\/uploads\/2022\/05\/BBQ3-1157x1536.jpg 1157w, https:\/\/refuge-athena.fr\/wp-content\/uploads\/2022\/05\/BBQ3-1542x2048.jpg 1542w, https:\/\/refuge-athena.fr\/wp-content\/uploads\/2022\/05\/BBQ3-scaled.jpg 1928w\" sizes=\"auto, (max-width: 771px) 100vw, 771px\" \/><\/a><\/figure><\/li><li class=\"blocks-gallery-item\"><figure><a href=\"https:\/\/refuge-athena.fr\/wp-content\/uploads\/2022\/05\/BBQ2-scaled.jpg\"><img loading=\"lazy\" decoding=\"async\" width=\"771\" height=\"1024\" src=\"https:\/\/refuge-athena.fr\/wp-content\/uploads\/2022\/05\/BBQ2-771x1024.jpg\" alt=\"\" data-id=\"788\" data-full-url=\"https:\/\/refuge-athena.fr\/wp-content\/uploads\/2022\/05\/BBQ2-scaled.jpg\" data-link=\"https:\/\/refuge-athena.fr\/?attachment_id=788\" class=\"wp-image-788\" srcset=\"https:\/\/refuge-athena.fr\/wp-content\/uploads\/2022\/05\/BBQ2-771x1024.jpg 771w, https:\/\/refuge-athena.fr\/wp-content\/uploads\/2022\/05\/BBQ2-226x300.jpg 226w, https:\/\/refuge-athena.fr\/wp-content\/uploads\/2022\/05\/BBQ2-768x1020.jpg 768w, https:\/\/refuge-athena.fr\/wp-content\/uploads\/2022\/05\/BBQ2-1157x1536.jpg 1157w, https:\/\/refuge-athena.fr\/wp-content\/uploads\/2022\/05\/BBQ2-1542x2048.jpg 1542w, https:\/\/refuge-athena.fr\/wp-content\/uploads\/2022\/05\/BBQ2-scaled.jpg 1928w\" sizes=\"auto, (max-width: 771px) 100vw, 771px\" \/><\/a><\/figure><\/li><li class=\"blocks-gallery-item\"><figure><a href=\"https:\/\/refuge-athena.fr\/wp-content\/uploads\/2022\/05\/BBQ1-scaled.jpg\"><img loading=\"lazy\" decoding=\"async\" width=\"1024\" height=\"771\" src=\"https:\/\/refuge-athena.fr\/wp-content\/uploads\/2022\/05\/BBQ1-1024x771.jpg\" alt=\"\" data-id=\"789\" data-full-url=\"https:\/\/refuge-athena.fr\/wp-content\/uploads\/2022\/05\/BBQ1-scaled.jpg\" data-link=\"https:\/\/refuge-athena.fr\/?attachment_id=789\" class=\"wp-image-789\" srcset=\"https:\/\/refuge-athena.fr\/wp-content\/uploads\/2022\/05\/BBQ1-1024x771.jpg 1024w, https:\/\/refuge-athena.fr\/wp-content\/uploads\/2022\/05\/BBQ1-300x226.jpg 300w, https:\/\/refuge-athena.fr\/wp-content\/uploads\/2022\/05\/BBQ1-768x578.jpg 768w, https:\/\/refuge-athena.fr\/wp-content\/uploads\/2022\/05\/BBQ1-1536x1157.jpg 1536w, https:\/\/refuge-athena.fr\/wp-content\/uploads\/2022\/05\/BBQ1-2048x1542.jpg 2048w\" sizes=\"auto, (max-width: 1024px) 100vw, 1024px\" \/><\/a><\/figure><\/li><\/ul><\/figure>\n","protected":false},"excerpt":{"rendered":"<p>Les s\u00e9jours au Refuge d&rsquo;Ath\u00e9na sont l&rsquo;occasion de se retrouver entre amis et d&rsquo;avoir des activit\u00e9s. Ce qui donne faim ! Au Refuge d&rsquo;Ath\u00e9na, vous disposez d&rsquo;un BBQ complet, install\u00e9 au c\u0153ur de l&rsquo;ancien pigeonnier<\/p>\n","protected":false},"author":1,"featured_media":0,"parent":0,"menu_order":0,"comment_status":"closed","ping_status":"closed","template":"","meta":{"footnotes":""},"class_list":["post-785","page","type-page","status-publish","hentry"],"_links":{"self":[{"href":"https:\/\/refuge-athena.fr\/index.php?rest_route=\/wp\/v2\/pages\/785","targetHints":{"allow":["GET"]}}],"collection":[{"href":"https:\/\/refuge-athena.fr\/index.php?rest_route=\/wp\/v2\/pages"}],"about":[{"href":"https:\/\/refuge-athena.fr\/index.php?rest_route=\/wp\/v2\/types\/page"}],"author":[{"embeddable":true,"href":"https:\/\/refuge-athena.fr\/index.php?rest_route=\/wp\/v2\/users\/1"}],"replies":[{"embeddable":true,"href":"https:\/\/refuge-athena.fr\/index.php?rest_route=%2Fwp%2Fv2%2Fcomments&post=785"}],"version-history":[{"count":1,"href":"https:\/\/refuge-athena.fr\/index.php?rest_route=\/wp\/v2\/pages\/785\/revisions"}],"predecessor-version":[{"id":790,"href":"https:\/\/refuge-athena.fr\/index.php?rest_route=\/wp\/v2\/pages\/785\/revisions\/790"}],"wp:attachment":[{"href":"https:\/\/refuge-athena.fr\/index.php?rest_route=%2Fwp%2Fv2%2Fmedia&parent=785"}],"curies":[{"name":"wp","href":"https:\/\/api.w.org\/{rel}","templated":true}]}}