{"id":519,"date":"2021-09-24T16:10:06","date_gmt":"2021-09-24T14:10:06","guid":{"rendered":"https:\/\/refuge-athena.fr\/?page_id=519"},"modified":"2021-09-24T16:10:06","modified_gmt":"2021-09-24T14:10:06","slug":"accueil-randonneurs","status":"publish","type":"page","link":"https:\/\/refuge-athena.fr\/?page_id=519","title":{"rendered":"Accueil randonneurs"},"content":{"rendered":"\n<h2 class=\"wp-block-heading\"><a href=\"https:\/\/refuge-athena.fr\/?page_id=448\">Cyclotouristes<\/a><\/h2>\n\n\n\n<p><strong>Nous accueillons avec plaisir les cyclotouristes. Le Refuge d&rsquo;Ath\u00e9na dispose du label \u00ab\u00a0Accueil v\u00e9lo\u00a0\u00bb, gage d&rsquo;un accueil de qualit\u00e9 qui prend en compte les sp\u00e9cificit\u00e9s des cyclotouristes.<\/strong><\/p>\n\n\n\n<p>Situ\u00e9s sur le <a href=\"https:\/\/www.avenuevertelondonparis.com\/\" target=\"_blank\" rel=\"noreferrer noopener\">Paris-Londres<\/a>, plus pr\u00e9cis\u00e9ment sur la  <a rel=\"noreferrer noopener\" href=\"https:\/\/www.avenuevertelondonparis.com\/itineraire\/maisons-laffitte-chaussy\" data-type=\"URL\" data-id=\"https:\/\/www.avenuevertelondonparis.com\/itineraire\/maisons-laffitte-chaussy\" target=\"_blank\">deuxi\u00e8me \u00e9tape<\/a>, nous sommes engag\u00e9s \u00e0 vous fournir des services correspondants \u00e0 vos besoins d&rsquo;h\u00e9bergement, de conseils et d&rsquo;entretien de vos v\u00e9los. Nous pouvons \u00e9galement assurer les transferts vers vos h\u00e9bergements, vous conseiller des balades locales en VTT, r\u00e9parer les petites avaries etc&#8230; Nous mettons \u00e0 votre disposition karcher, compresseur et mat\u00e9riel de d\u00e9pannage ainsi que les pi\u00e8ces courantes (chambre \u00e0 air, rustines, c\u00e2bles etc.)<\/p>\n\n\n\n<p>Au refuge d&rsquo;Ath\u00e9na, votre \u00e9tape sera destin\u00e9e avant tout \u00e0 vous ressourcer et reprendre des forces pour le suite de votre voyage. N&rsquo;h\u00e9sitez pas \u00e0 nous appeler pour nous poser toutes les questions que vous auriez.<\/p>\n\n\n\n<h2 class=\"wp-block-heading\"><a href=\"https:\/\/refuge-athena.fr\/?page_id=448\">Chevaux<\/a><\/h2>\n\n\n\n<p><strong>Le refuge d\u2019Ath\u00e9na se trouve dans une Ferme qui f\u00fbt une pension pour chevaux. Ainsi, nous disposons d\u2019une dizaine de boxes et de paddocks attenants \u00e0 la Ferme.<\/strong><\/p>\n\n\n\n<p>Nous pouvons donc accueillir des randonneurs \u00e0 cheval qui pourront dormir tranquilles en sachant leur chevaux en s\u00e9curit\u00e9 pr\u00e8s d\u2019eux. Vous trouverez chez nous toutes les installations n\u00e9cessaire \u00e0 un cheval et \u00e0 son cavalier (douche chevaux, boxes, sellerie, mat\u00e9riel pour des soins de base etc.)<\/p>\n","protected":false},"excerpt":{"rendered":"<p>Cyclotouristes Nous accueillons avec plaisir les cyclotouristes. Le Refuge d&rsquo;Ath\u00e9na dispose du label \u00ab\u00a0Accueil v\u00e9lo\u00a0\u00bb, gage d&rsquo;un accueil de qualit\u00e9 qui prend en compte les sp\u00e9cificit\u00e9s des cyclotouristes. Situ\u00e9s sur le Paris-Londres, plus pr\u00e9cis\u00e9ment sur la deuxi\u00e8me \u00e9tape, nous sommes engag\u00e9s \u00e0 vous fournir des services correspondants \u00e0 vos besoins d&rsquo;h\u00e9bergement, de conseils et d&rsquo;entretien &hellip; <a href=\"https:\/\/refuge-athena.fr\/?page_id=519\" class=\"more-link\">Continuer la lecture de <span class=\"screen-reader-text\">Accueil randonneurs<\/span>  <span class=\"meta-nav\">&rarr;<\/span><\/a><\/p>\n","protected":false},"author":1,"featured_media":0,"parent":0,"menu_order":0,"comment_status":"closed","ping_status":"closed","template":"","meta":{"footnotes":""},"class_list":["post-519","page","type-page","status-publish","hentry"],"_links":{"self":[{"href":"https:\/\/refuge-athena.fr\/index.php?rest_route=\/wp\/v2\/pages\/519","targetHints":{"allow":["GET"]}}],"collection":[{"href":"https:\/\/refuge-athena.fr\/index.php?rest_route=\/wp\/v2\/pages"}],"about":[{"href":"https:\/\/refuge-athena.fr\/index.php?rest_route=\/wp\/v2\/types\/page"}],"author":[{"embeddable":true,"href":"https:\/\/refuge-athena.fr\/index.php?rest_route=\/wp\/v2\/users\/1"}],"replies":[{"embeddable":true,"href":"https:\/\/refuge-athena.fr\/index.php?rest_route=%2Fwp%2Fv2%2Fcomments&post=519"}],"version-history":[{"count":1,"href":"https:\/\/refuge-athena.fr\/index.php?rest_route=\/wp\/v2\/pages\/519\/revisions"}],"predecessor-version":[{"id":522,"href":"https:\/\/refuge-athena.fr\/index.php?rest_route=\/wp\/v2\/pages\/519\/revisions\/522"}],"wp:attachment":[{"href":"https:\/\/refuge-athena.fr\/index.php?rest_route=%2Fwp%2Fv2%2Fmedia&parent=519"}],"curies":[{"name":"wp","href":"https:\/\/api.w.org\/{rel}","templated":true}]}}