{"id":506,"date":"2021-09-23T18:38:11","date_gmt":"2021-09-23T16:38:11","guid":{"rendered":"http:\/\/refuge-athena.fr\/?page_id=506"},"modified":"2022-05-30T09:10:07","modified_gmt":"2022-05-30T07:10:07","slug":"autres-stages","status":"publish","type":"page","link":"https:\/\/refuge-athena.fr\/?page_id=506","title":{"rendered":"Autres stages&#8230;"},"content":{"rendered":"\n<p><\/p>\n\n\n\n<h2 class=\"wp-block-heading\">Savons<\/h2>\n\n\n\n<ul class=\"wp-block-list\"><li>Principe de la saponisation \u00e0 froid<\/li><li>R\u00e9alisation d\u2019un savon<br>Tarif : 50 \u20ac\/personne \u2013&nbsp;<em>deux heures<\/em><\/li><\/ul>\n\n\n\n<h2 class=\"wp-block-heading\">Cuir<\/h2>\n\n\n\n<ul class=\"wp-block-list\"><li>Comment d\u00e9couper le cuir<\/li><li>Comment coudre le cuir<\/li><li>Comment percer le cuir (avec manipulation)<\/li><li>R\u00e9alisation d\u2019une ceinture<br>Tarif : 70 \u20ac\/personne \u2013&nbsp;<em>trois heures<\/em><\/li><\/ul>\n\n\n\n<hr class=\"wp-block-separator\"\/>\n\n\n\n<h2 class=\"wp-block-heading\">R\u00e9servation<\/h2>\n\n\n\n<p>Nous ne proposons nos stages qu\u2019aux r\u00e9sidents du Refuge d\u2019Ath\u00e9na. Il est absolument n\u00e9cessaire de r\u00e9server vos stages au moment de la r\u00e9servation du g\u00eete afin que nous puissions disposer des fournitures n\u00e9cessaires et de pr\u00e9parer notre organisation.<\/p>\n\n\n\n<p>Les stages sont organis\u00e9s pour 4 personnes minimum<\/p>\n","protected":false},"excerpt":{"rendered":"<p>Savons Principe de la saponisation \u00e0 froid R\u00e9alisation d\u2019un savonTarif : 50 \u20ac\/personne \u2013&nbsp;deux heures Cuir Comment d\u00e9couper le cuir Comment coudre le cuir Comment percer le cuir (avec manipulation) R\u00e9alisation d\u2019une ceintureTarif : 70 \u20ac\/personne \u2013&nbsp;trois heures R\u00e9servation Nous ne proposons nos stages qu\u2019aux r\u00e9sidents du Refuge d\u2019Ath\u00e9na. Il est absolument n\u00e9cessaire de r\u00e9server &hellip; <a href=\"https:\/\/refuge-athena.fr\/?page_id=506\" class=\"more-link\">Continuer la lecture de <span class=\"screen-reader-text\">Autres stages&#8230;<\/span>  <span class=\"meta-nav\">&rarr;<\/span><\/a><\/p>\n","protected":false},"author":1,"featured_media":0,"parent":0,"menu_order":0,"comment_status":"closed","ping_status":"closed","template":"","meta":{"footnotes":""},"class_list":["post-506","page","type-page","status-publish","hentry"],"_links":{"self":[{"href":"https:\/\/refuge-athena.fr\/index.php?rest_route=\/wp\/v2\/pages\/506","targetHints":{"allow":["GET"]}}],"collection":[{"href":"https:\/\/refuge-athena.fr\/index.php?rest_route=\/wp\/v2\/pages"}],"about":[{"href":"https:\/\/refuge-athena.fr\/index.php?rest_route=\/wp\/v2\/types\/page"}],"author":[{"embeddable":true,"href":"https:\/\/refuge-athena.fr\/index.php?rest_route=\/wp\/v2\/users\/1"}],"replies":[{"embeddable":true,"href":"https:\/\/refuge-athena.fr\/index.php?rest_route=%2Fwp%2Fv2%2Fcomments&post=506"}],"version-history":[{"count":5,"href":"https:\/\/refuge-athena.fr\/index.php?rest_route=\/wp\/v2\/pages\/506\/revisions"}],"predecessor-version":[{"id":824,"href":"https:\/\/refuge-athena.fr\/index.php?rest_route=\/wp\/v2\/pages\/506\/revisions\/824"}],"wp:attachment":[{"href":"https:\/\/refuge-athena.fr\/index.php?rest_route=%2Fwp%2Fv2%2Fmedia&parent=506"}],"curies":[{"name":"wp","href":"https:\/\/api.w.org\/{rel}","templated":true}]}}