{"id":46,"date":"2021-08-10T18:52:24","date_gmt":"2021-08-10T16:52:24","guid":{"rendered":"http:\/\/refuge-athena.fr\/?page_id=46"},"modified":"2021-08-26T11:15:48","modified_gmt":"2021-08-26T09:15:48","slug":"qui-sommes-nous","status":"publish","type":"page","link":"https:\/\/refuge-athena.fr\/?page_id=46","title":{"rendered":"Vos h\u00d4tes"},"content":{"rendered":"\n<div class=\"wp-block-group\"><div class=\"wp-block-group__inner-container is-layout-flow wp-block-group-is-layout-flow\"><\/div><\/div>\n\n\n\n<div class=\"wp-block-image\"><figure class=\"aligncenter size-large is-resized\"><img loading=\"lazy\" decoding=\"async\" src=\"https:\/\/refuge-athena.fr\/wp-content\/uploads\/2021\/08\/Hotes.jpg\" alt=\"\" class=\"wp-image-244\" width=\"499\" height=\"374\" srcset=\"https:\/\/refuge-athena.fr\/wp-content\/uploads\/2021\/08\/Hotes.jpg 1024w, https:\/\/refuge-athena.fr\/wp-content\/uploads\/2021\/08\/Hotes-300x225.jpg 300w, https:\/\/refuge-athena.fr\/wp-content\/uploads\/2021\/08\/Hotes-768x576.jpg 768w\" sizes=\"auto, (max-width: 499px) 100vw, 499px\" \/><\/figure><\/div>\n\n\n\n<p><strong>Nous traversons la vie, au travers de rencontres fugitives ou d&rsquo;amiti\u00e9s au long cours. <\/strong><\/p>\n\n\n\n<p>Nous aimons la nature, les animaux et le bricolage, la musique &#8211; toutes les musiques &#8211; les d\u00eeners entre amis, les bons vins, les franches rigolades, les arts, le cin\u00e9ma et la lecture. <br>Et nous sommes v\u00e9g\u00e9tariens. <\/p>\n\n\n\n<p>Vous rencontrez, au d\u00e9tour d&rsquo;une randonn\u00e9e \u00e0 cheval dans le Vexin, d&rsquo;une \u00e9tape sur le Paris-Londres ou d&rsquo;un week-end de d\u00e9paysement en famille, c&rsquo;est nous enrichir de vos exp\u00e9riences !<\/p>\n\n\n\n<p>Nous parlons anglais. We speak English<\/p>\n\n\n\n<figure class=\"wp-block-gallery columns-2 is-cropped wp-block-gallery-1 is-layout-flex wp-block-gallery-is-layout-flex\"><ul class=\"blocks-gallery-grid\"><li class=\"blocks-gallery-item\"><figure><img loading=\"lazy\" decoding=\"async\" width=\"801\" height=\"1024\" src=\"https:\/\/refuge-athena.fr\/wp-content\/uploads\/2021\/08\/Corinne-1-801x1024.png\" alt=\"\" data-id=\"49\" data-full-url=\"https:\/\/refuge-athena.fr\/wp-content\/uploads\/2021\/08\/Corinne-1.png\" data-link=\"https:\/\/refuge-athena.fr\/?attachment_id=49\" class=\"wp-image-49\" srcset=\"https:\/\/refuge-athena.fr\/wp-content\/uploads\/2021\/08\/Corinne-1-801x1024.png 801w, https:\/\/refuge-athena.fr\/wp-content\/uploads\/2021\/08\/Corinne-1-235x300.png 235w, https:\/\/refuge-athena.fr\/wp-content\/uploads\/2021\/08\/Corinne-1-768x981.png 768w, https:\/\/refuge-athena.fr\/wp-content\/uploads\/2021\/08\/Corinne-1-1202x1536.png 1202w, https:\/\/refuge-athena.fr\/wp-content\/uploads\/2021\/08\/Corinne-1-1603x2048.png 1603w, https:\/\/refuge-athena.fr\/wp-content\/uploads\/2021\/08\/Corinne-1.png 1644w\" sizes=\"auto, (max-width: 801px) 100vw, 801px\" \/><figcaption class=\"blocks-gallery-item__caption\">Corinne<\/figcaption><\/figure><\/li><li class=\"blocks-gallery-item\"><figure><img loading=\"lazy\" decoding=\"async\" width=\"539\" height=\"960\" src=\"https:\/\/refuge-athena.fr\/wp-content\/uploads\/2021\/08\/EDV3-VMA-edited.jpg\" alt=\"\" data-id=\"52\" data-full-url=\"https:\/\/refuge-athena.fr\/wp-content\/uploads\/2021\/08\/EDV3-VMA-edited.jpg\" data-link=\"https:\/\/refuge-athena.fr\/?attachment_id=52\" class=\"wp-image-52\" srcset=\"https:\/\/refuge-athena.fr\/wp-content\/uploads\/2021\/08\/EDV3-VMA-edited.jpg 539w, https:\/\/refuge-athena.fr\/wp-content\/uploads\/2021\/08\/EDV3-VMA-edited-168x300.jpg 168w\" sizes=\"auto, (max-width: 539px) 100vw, 539px\" \/><figcaption class=\"blocks-gallery-item__caption\">Eric<\/figcaption><\/figure><\/li><\/ul><\/figure>\n","protected":false},"excerpt":{"rendered":"<p>Nous traversons la vie, au travers de rencontres fugitives ou d&rsquo;amiti\u00e9s au long cours. Nous aimons la nature, les animaux et le bricolage, la musique &#8211; toutes les musiques &#8211; les d\u00eeners entre amis, les bons vins, les franches rigolades, les arts, le cin\u00e9ma et la lecture. Et nous sommes v\u00e9g\u00e9tariens. Vous rencontrez, au d\u00e9tour &hellip; <a href=\"https:\/\/refuge-athena.fr\/?page_id=46\" class=\"more-link\">Continuer la lecture de <span class=\"screen-reader-text\">Vos h\u00d4tes<\/span>  <span class=\"meta-nav\">&rarr;<\/span><\/a><\/p>\n","protected":false},"author":1,"featured_media":0,"parent":0,"menu_order":0,"comment_status":"closed","ping_status":"closed","template":"","meta":{"footnotes":""},"class_list":["post-46","page","type-page","status-publish","hentry"],"_links":{"self":[{"href":"https:\/\/refuge-athena.fr\/index.php?rest_route=\/wp\/v2\/pages\/46","targetHints":{"allow":["GET"]}}],"collection":[{"href":"https:\/\/refuge-athena.fr\/index.php?rest_route=\/wp\/v2\/pages"}],"about":[{"href":"https:\/\/refuge-athena.fr\/index.php?rest_route=\/wp\/v2\/types\/page"}],"author":[{"embeddable":true,"href":"https:\/\/refuge-athena.fr\/index.php?rest_route=\/wp\/v2\/users\/1"}],"replies":[{"embeddable":true,"href":"https:\/\/refuge-athena.fr\/index.php?rest_route=%2Fwp%2Fv2%2Fcomments&post=46"}],"version-history":[{"count":9,"href":"https:\/\/refuge-athena.fr\/index.php?rest_route=\/wp\/v2\/pages\/46\/revisions"}],"predecessor-version":[{"id":395,"href":"https:\/\/refuge-athena.fr\/index.php?rest_route=\/wp\/v2\/pages\/46\/revisions\/395"}],"wp:attachment":[{"href":"https:\/\/refuge-athena.fr\/index.php?rest_route=%2Fwp%2Fv2%2Fmedia&parent=46"}],"curies":[{"name":"wp","href":"https:\/\/api.w.org\/{rel}","templated":true}]}}