{"id":448,"date":"2021-09-09T17:32:06","date_gmt":"2021-09-09T15:32:06","guid":{"rendered":"https:\/\/refuge-athena.fr\/?page_id=448"},"modified":"2022-07-29T12:27:58","modified_gmt":"2022-07-29T10:27:58","slug":"accueil-randonnees-cheval","status":"publish","type":"page","link":"https:\/\/refuge-athena.fr\/?page_id=448","title":{"rendered":"Randonneurs \u00e0 cheval"},"content":{"rendered":"\n<p><strong>Le refuge d\u2019Ath\u00e9na se trouve dans une Ferme qui f\u00fbt une pension pour chevaux. Ainsi, nous disposons d\u2019une dizaine de boxes et de paddocks attenants \u00e0 la Ferme.<\/strong><\/p>\n\n\n<div class=\"wp-block-image\">\n<figure class=\"aligncenter size-large\"><a href=\"https:\/\/refuge-athena.fr\/wp-content\/uploads\/2021\/08\/IMG_20190731_092832-1-scaled.jpg\"><img loading=\"lazy\" decoding=\"async\" width=\"768\" height=\"1024\" src=\"https:\/\/refuge-athena.fr\/wp-content\/uploads\/2021\/08\/IMG_20190731_092832-1-768x1024.jpg\" alt=\"\" class=\"wp-image-239\" srcset=\"https:\/\/refuge-athena.fr\/wp-content\/uploads\/2021\/08\/IMG_20190731_092832-1-768x1024.jpg 768w, https:\/\/refuge-athena.fr\/wp-content\/uploads\/2021\/08\/IMG_20190731_092832-1-225x300.jpg 225w, https:\/\/refuge-athena.fr\/wp-content\/uploads\/2021\/08\/IMG_20190731_092832-1-1152x1536.jpg 1152w, https:\/\/refuge-athena.fr\/wp-content\/uploads\/2021\/08\/IMG_20190731_092832-1-1536x2048.jpg 1536w, https:\/\/refuge-athena.fr\/wp-content\/uploads\/2021\/08\/IMG_20190731_092832-1-scaled.jpg 1920w\" sizes=\"auto, (max-width: 768px) 100vw, 768px\" \/><\/a><figcaption>D\u00e9part de randonn\u00e9e \u00e9questre au Refuge<\/figcaption><\/figure>\n<\/div>\n\n\n<p>Nous pouvons donc accueillir des randonneurs \u00e0 cheval qui pourront dormir tranquilles en sachant leur chevaux en s\u00e9curit\u00e9 pr\u00e8s d\u2019eux.<\/p>\n\n\n\n<p>Vous trouverez chez nous toutes les installations n\u00e9cessaires \u00e0 un cheval et \u00e0 son cavalier (douche chevaux, boxes, sellerie, mat\u00e9riel pour des soins de base etc.)<\/p>\n\n\n\n<p>Vos montures sont donc les bienvenues chez nous et y passeront un aussi bon moment que leurs cavalier.e.s<\/p>\n\n\n\n<p>Au c\u0153ur du Vexin Fran\u00e7ais, les ballades sont nombreuses et vari\u00e9es. Le Refuge d&rsquo;Ath\u00e9na peut \u00eatre le \u00ab\u00a0camp de base\u00a0\u00bb de randos en \u00ab\u00a0marguerite\u00a0\u00bb.<\/p>\n\n\n\n<p>A bient\u00f4t !<\/p>\n\n\n\n<figure class=\"wp-block-gallery has-nested-images columns-default is-cropped wp-block-gallery-1 is-layout-flex wp-block-gallery-is-layout-flex\">\n<figure class=\"wp-block-image size-large\"><img loading=\"lazy\" decoding=\"async\" width=\"576\" height=\"1024\" data-id=\"242\" src=\"https:\/\/refuge-athena.fr\/wp-content\/uploads\/2021\/08\/cheval4-576x1024.jpg\" alt=\"\" class=\"wp-image-242\" srcset=\"https:\/\/refuge-athena.fr\/wp-content\/uploads\/2021\/08\/cheval4-576x1024.jpg 576w, https:\/\/refuge-athena.fr\/wp-content\/uploads\/2021\/08\/cheval4-169x300.jpg 169w, https:\/\/refuge-athena.fr\/wp-content\/uploads\/2021\/08\/cheval4-768x1365.jpg 768w, https:\/\/refuge-athena.fr\/wp-content\/uploads\/2021\/08\/cheval4-864x1536.jpg 864w, https:\/\/refuge-athena.fr\/wp-content\/uploads\/2021\/08\/cheval4-1152x2048.jpg 1152w, https:\/\/refuge-athena.fr\/wp-content\/uploads\/2021\/08\/cheval4-scaled.jpg 1440w\" sizes=\"auto, (max-width: 576px) 100vw, 576px\" \/><\/figure>\n\n\n\n<figure class=\"wp-block-image size-large\"><img loading=\"lazy\" decoding=\"async\" width=\"576\" height=\"1024\" data-id=\"241\" src=\"https:\/\/refuge-athena.fr\/wp-content\/uploads\/2021\/08\/cheval3-576x1024.jpg\" alt=\"\" class=\"wp-image-241\" srcset=\"https:\/\/refuge-athena.fr\/wp-content\/uploads\/2021\/08\/cheval3-576x1024.jpg 576w, https:\/\/refuge-athena.fr\/wp-content\/uploads\/2021\/08\/cheval3-169x300.jpg 169w, https:\/\/refuge-athena.fr\/wp-content\/uploads\/2021\/08\/cheval3-768x1365.jpg 768w, https:\/\/refuge-athena.fr\/wp-content\/uploads\/2021\/08\/cheval3-864x1536.jpg 864w, https:\/\/refuge-athena.fr\/wp-content\/uploads\/2021\/08\/cheval3-1152x2048.jpg 1152w, https:\/\/refuge-athena.fr\/wp-content\/uploads\/2021\/08\/cheval3-scaled.jpg 1440w\" sizes=\"auto, (max-width: 576px) 100vw, 576px\" \/><\/figure>\n\n\n\n<figure class=\"wp-block-image size-large\"><img loading=\"lazy\" decoding=\"async\" width=\"1024\" height=\"576\" data-id=\"231\" src=\"https:\/\/refuge-athena.fr\/wp-content\/uploads\/2021\/08\/cheval2-1024x576.jpg\" alt=\"\" class=\"wp-image-231\" srcset=\"https:\/\/refuge-athena.fr\/wp-content\/uploads\/2021\/08\/cheval2-1024x576.jpg 1024w, https:\/\/refuge-athena.fr\/wp-content\/uploads\/2021\/08\/cheval2-300x169.jpg 300w, https:\/\/refuge-athena.fr\/wp-content\/uploads\/2021\/08\/cheval2-768x432.jpg 768w, https:\/\/refuge-athena.fr\/wp-content\/uploads\/2021\/08\/cheval2-1536x864.jpg 1536w, https:\/\/refuge-athena.fr\/wp-content\/uploads\/2021\/08\/cheval2-2048x1152.jpg 2048w\" sizes=\"auto, (max-width: 1024px) 100vw, 1024px\" \/><\/figure>\n<\/figure>\n\n\n\n<p><\/p>\n","protected":false},"excerpt":{"rendered":"<p>Le refuge d\u2019Ath\u00e9na se trouve dans une Ferme qui f\u00fbt une pension pour chevaux. Ainsi, nous disposons d\u2019une dizaine de boxes et de paddocks attenants \u00e0 la Ferme. Nous pouvons donc accueillir des randonneurs \u00e0 cheval qui pourront dormir tranquilles en sachant leur chevaux en s\u00e9curit\u00e9 pr\u00e8s d\u2019eux. Vous trouverez chez nous toutes les installations &hellip; <a href=\"https:\/\/refuge-athena.fr\/?page_id=448\" class=\"more-link\">Continuer la lecture de <span class=\"screen-reader-text\">Randonneurs \u00e0 cheval<\/span>  <span class=\"meta-nav\">&rarr;<\/span><\/a><\/p>\n","protected":false},"author":1,"featured_media":0,"parent":0,"menu_order":0,"comment_status":"closed","ping_status":"closed","template":"","meta":{"footnotes":""},"class_list":["post-448","page","type-page","status-publish","hentry"],"_links":{"self":[{"href":"https:\/\/refuge-athena.fr\/index.php?rest_route=\/wp\/v2\/pages\/448","targetHints":{"allow":["GET"]}}],"collection":[{"href":"https:\/\/refuge-athena.fr\/index.php?rest_route=\/wp\/v2\/pages"}],"about":[{"href":"https:\/\/refuge-athena.fr\/index.php?rest_route=\/wp\/v2\/types\/page"}],"author":[{"embeddable":true,"href":"https:\/\/refuge-athena.fr\/index.php?rest_route=\/wp\/v2\/users\/1"}],"replies":[{"embeddable":true,"href":"https:\/\/refuge-athena.fr\/index.php?rest_route=%2Fwp%2Fv2%2Fcomments&post=448"}],"version-history":[{"count":4,"href":"https:\/\/refuge-athena.fr\/index.php?rest_route=\/wp\/v2\/pages\/448\/revisions"}],"predecessor-version":[{"id":915,"href":"https:\/\/refuge-athena.fr\/index.php?rest_route=\/wp\/v2\/pages\/448\/revisions\/915"}],"wp:attachment":[{"href":"https:\/\/refuge-athena.fr\/index.php?rest_route=%2Fwp%2Fv2%2Fmedia&parent=448"}],"curies":[{"name":"wp","href":"https:\/\/api.w.org\/{rel}","templated":true}]}}