{"id":368,"date":"2021-08-15T12:10:52","date_gmt":"2021-08-15T10:10:52","guid":{"rendered":"http:\/\/refuge-athena.fr\/?page_id=368"},"modified":"2021-10-03T13:40:53","modified_gmt":"2021-10-03T11:40:53","slug":"se-restaurer-2","status":"publish","type":"page","link":"https:\/\/refuge-athena.fr\/?page_id=368","title":{"rendered":"Se restaurer"},"content":{"rendered":"\n<p>Si vous arrivez en fin d&rsquo;apr\u00e8s-midi, il faut savoir que la commune est d\u00e9pouvue de magasin o\u00f9 vous pourriez faire des courses alimentaires. <\/p>\n\n\n\n<p>Magny en Vexin (\u00e0 7 km) offre tous les commerces. Et une superette \u00e0 Bray et Lu (3 km) vous permettra de trouver le n\u00e9cessaire pour vous d\u00e9panner.<\/p>\n\n\n\n<p><\/p>\n","protected":false},"excerpt":{"rendered":"<p>Si vous arrivez en fin d&rsquo;apr\u00e8s-midi, il faut savoir que la commune est d\u00e9pouvue de magasin o\u00f9 vous pourriez faire des courses alimentaires. Magny en Vexin (\u00e0 7 km) offre tous les commerces. Et une superette \u00e0 Bray et Lu (3 km) vous permettra de trouver le n\u00e9cessaire pour vous d\u00e9panner.<\/p>\n","protected":false},"author":1,"featured_media":0,"parent":0,"menu_order":0,"comment_status":"open","ping_status":"closed","template":"","meta":{"footnotes":""},"class_list":["post-368","page","type-page","status-publish","hentry"],"_links":{"self":[{"href":"https:\/\/refuge-athena.fr\/index.php?rest_route=\/wp\/v2\/pages\/368","targetHints":{"allow":["GET"]}}],"collection":[{"href":"https:\/\/refuge-athena.fr\/index.php?rest_route=\/wp\/v2\/pages"}],"about":[{"href":"https:\/\/refuge-athena.fr\/index.php?rest_route=\/wp\/v2\/types\/page"}],"author":[{"embeddable":true,"href":"https:\/\/refuge-athena.fr\/index.php?rest_route=\/wp\/v2\/users\/1"}],"replies":[{"embeddable":true,"href":"https:\/\/refuge-athena.fr\/index.php?rest_route=%2Fwp%2Fv2%2Fcomments&post=368"}],"version-history":[{"count":2,"href":"https:\/\/refuge-athena.fr\/index.php?rest_route=\/wp\/v2\/pages\/368\/revisions"}],"predecessor-version":[{"id":536,"href":"https:\/\/refuge-athena.fr\/index.php?rest_route=\/wp\/v2\/pages\/368\/revisions\/536"}],"wp:attachment":[{"href":"https:\/\/refuge-athena.fr\/index.php?rest_route=%2Fwp%2Fv2%2Fmedia&parent=368"}],"curies":[{"name":"wp","href":"https:\/\/api.w.org\/{rel}","templated":true}]}}