{"id":277,"date":"2021-08-13T15:34:55","date_gmt":"2021-08-13T13:34:55","guid":{"rendered":"http:\/\/refuge-athena.fr\/?page_id=277"},"modified":"2022-01-20T09:35:10","modified_gmt":"2022-01-20T08:35:10","slug":"decouverte","status":"publish","type":"page","link":"https:\/\/refuge-athena.fr\/?page_id=277","title":{"rendered":"D\u00e9couverte"},"content":{"rendered":"\n<p><strong>A la Ferme, nous avons beaucoup d&rsquo;activit\u00e9s. <\/strong><br><strong>Nous pouvons les partager avec vous au travers de \u00ab\u00a0micro-stages\u00a0\u00bb de deux \u00e0 trois heures qui vous permettront de d\u00e9couvrir des activit\u00e9s-loisirs et, peut-\u00eatre, de les adopter ! <\/strong><\/p>\n\n\n\n<p>Voici les activit\u00e9s que nous proposons :<\/p>\n\n\n\n<h2 class=\"wp-block-heading\">Apiculture<\/h2>\n\n\n\n<figure class=\"wp-block-gallery columns-2 is-cropped wp-block-gallery-1 is-layout-flex wp-block-gallery-is-layout-flex\"><ul class=\"blocks-gallery-grid\"><li class=\"blocks-gallery-item\"><figure><img loading=\"lazy\" decoding=\"async\" width=\"768\" height=\"1024\" src=\"https:\/\/refuge-athena.fr\/wp-content\/uploads\/2021\/08\/20200531_092814-1-768x1024.jpg\" alt=\"\" data-id=\"249\" data-full-url=\"https:\/\/refuge-athena.fr\/wp-content\/uploads\/2021\/08\/20200531_092814-1-scaled.jpg\" data-link=\"https:\/\/refuge-athena.fr\/?attachment_id=249\" class=\"wp-image-249\" srcset=\"https:\/\/refuge-athena.fr\/wp-content\/uploads\/2021\/08\/20200531_092814-1-768x1024.jpg 768w, https:\/\/refuge-athena.fr\/wp-content\/uploads\/2021\/08\/20200531_092814-1-225x300.jpg 225w, https:\/\/refuge-athena.fr\/wp-content\/uploads\/2021\/08\/20200531_092814-1-1152x1536.jpg 1152w, https:\/\/refuge-athena.fr\/wp-content\/uploads\/2021\/08\/20200531_092814-1-1536x2048.jpg 1536w, https:\/\/refuge-athena.fr\/wp-content\/uploads\/2021\/08\/20200531_092814-1-scaled.jpg 1920w\" sizes=\"auto, (max-width: 768px) 100vw, 768px\" \/><figcaption class=\"blocks-gallery-item__caption\">Une des ruches du rucher d&rsquo;Ath\u00e9na<\/figcaption><\/figure><\/li><li class=\"blocks-gallery-item\"><figure><img loading=\"lazy\" decoding=\"async\" width=\"768\" height=\"1024\" src=\"https:\/\/refuge-athena.fr\/wp-content\/uploads\/2021\/08\/IMG_20200525_112352-768x1024.jpg\" alt=\"\" data-id=\"248\" data-full-url=\"https:\/\/refuge-athena.fr\/wp-content\/uploads\/2021\/08\/IMG_20200525_112352-scaled.jpg\" data-link=\"https:\/\/refuge-athena.fr\/?attachment_id=248\" class=\"wp-image-248\" srcset=\"https:\/\/refuge-athena.fr\/wp-content\/uploads\/2021\/08\/IMG_20200525_112352-768x1024.jpg 768w, https:\/\/refuge-athena.fr\/wp-content\/uploads\/2021\/08\/IMG_20200525_112352-225x300.jpg 225w, https:\/\/refuge-athena.fr\/wp-content\/uploads\/2021\/08\/IMG_20200525_112352-1152x1536.jpg 1152w, https:\/\/refuge-athena.fr\/wp-content\/uploads\/2021\/08\/IMG_20200525_112352-1536x2048.jpg 1536w, https:\/\/refuge-athena.fr\/wp-content\/uploads\/2021\/08\/IMG_20200525_112352-scaled.jpg 1920w\" sizes=\"auto, (max-width: 768px) 100vw, 768px\" \/><\/figure><\/li><\/ul><\/figure>\n\n\n\n<ul class=\"wp-block-list\"><li>Visite du rucher et d&rsquo;une ruche (selon la m\u00e9t\u00e9o)<\/li><li>Visite de la miellerie<\/li><li>D\u00e9couverte de la vie des abeilles et de la ruche<\/li><li>M\u00e9thode de production du miel<\/li><li>Cadeau : un pot de miel du rucher d&rsquo;Ath\u00e9na (selon production)<br>Tarif : 50 \u20ac\/personne &#8211; <em>deux heures<\/em><\/li><\/ul>\n\n\n\n<p><strong>Attention <\/strong>: <em>La visite du rucher et des ruches est d\u00e9pendante de la m\u00e9t\u00e9o. Ainsi, le stage peut-\u00eatre modifi\u00e9 en fonction des conditions m\u00e9t\u00e9o.<\/em><br><\/p>\n\n\n\n<p><\/p>\n\n\n\n<h2 class=\"wp-block-heading\">Vitraux<\/h2>\n\n\n\n<figure class=\"wp-block-gallery columns-2 is-cropped wp-block-gallery-2 is-layout-flex wp-block-gallery-is-layout-flex\"><ul class=\"blocks-gallery-grid\"><li class=\"blocks-gallery-item\"><figure><img loading=\"lazy\" decoding=\"async\" width=\"768\" height=\"1024\" src=\"https:\/\/refuge-athena.fr\/wp-content\/uploads\/2021\/08\/20210813_194839-768x1024.jpg\" alt=\"\" data-id=\"405\" data-full-url=\"https:\/\/refuge-athena.fr\/wp-content\/uploads\/2021\/08\/20210813_194839-scaled.jpg\" data-link=\"https:\/\/refuge-athena.fr\/?attachment_id=405\" class=\"wp-image-405\" srcset=\"https:\/\/refuge-athena.fr\/wp-content\/uploads\/2021\/08\/20210813_194839-768x1024.jpg 768w, https:\/\/refuge-athena.fr\/wp-content\/uploads\/2021\/08\/20210813_194839-225x300.jpg 225w, https:\/\/refuge-athena.fr\/wp-content\/uploads\/2021\/08\/20210813_194839-1152x1536.jpg 1152w, https:\/\/refuge-athena.fr\/wp-content\/uploads\/2021\/08\/20210813_194839-1536x2048.jpg 1536w, https:\/\/refuge-athena.fr\/wp-content\/uploads\/2021\/08\/20210813_194839-scaled.jpg 1920w\" sizes=\"auto, (max-width: 768px) 100vw, 768px\" \/><\/figure><\/li><li class=\"blocks-gallery-item\"><figure><img loading=\"lazy\" decoding=\"async\" width=\"768\" height=\"1024\" src=\"https:\/\/refuge-athena.fr\/wp-content\/uploads\/2021\/08\/20210813_195003-768x1024.jpg\" alt=\"\" data-id=\"319\" data-full-url=\"https:\/\/refuge-athena.fr\/wp-content\/uploads\/2021\/08\/20210813_195003-scaled.jpg\" data-link=\"https:\/\/refuge-athena.fr\/?attachment_id=319\" class=\"wp-image-319\" srcset=\"https:\/\/refuge-athena.fr\/wp-content\/uploads\/2021\/08\/20210813_195003-768x1024.jpg 768w, https:\/\/refuge-athena.fr\/wp-content\/uploads\/2021\/08\/20210813_195003-225x300.jpg 225w, https:\/\/refuge-athena.fr\/wp-content\/uploads\/2021\/08\/20210813_195003-1152x1536.jpg 1152w, https:\/\/refuge-athena.fr\/wp-content\/uploads\/2021\/08\/20210813_195003-1536x2048.jpg 1536w, https:\/\/refuge-athena.fr\/wp-content\/uploads\/2021\/08\/20210813_195003-scaled.jpg 1920w\" sizes=\"auto, (max-width: 768px) 100vw, 768px\" \/><\/figure><\/li><\/ul><\/figure>\n\n\n\n<ul class=\"wp-block-list\"><li>Principe d&rsquo;\u00e9laboration des vitraux<\/li><li>Initiation \u00e0 la soudure \u00e0 l&rsquo;\u00e9tain<\/li><li>R\u00e9alisation d&rsquo;un petit objet en vitrail<br>Tarif : 70 \u20ac\/personne &#8211; <em>trois heures<\/em><\/li><\/ul>\n\n\n\n<h2 class=\"wp-block-heading\">Cuir<\/h2>\n\n\n\n<ul class=\"wp-block-list\"><li>Comment d\u00e9couper le cuir <\/li><li>Comment coudre le cuir<\/li><li>Comment percer le cuir (avec manipulation)<\/li><li>R\u00e9alisation d&rsquo;une ceinture<br>Tarif : 70 \u20ac\/personne &#8211; <em>trois heures<\/em><\/li><\/ul>\n\n\n\n<h2 class=\"wp-block-heading\">Laine<\/h2>\n\n\n\n<div class=\"wp-block-image\"><figure class=\"aligncenter size-large is-resized\"><img loading=\"lazy\" decoding=\"async\" src=\"https:\/\/refuge-athena.fr\/wp-content\/uploads\/2021\/08\/20170331_141130-edited-3-scaled-e1628878873112-1024x938.jpg\" alt=\"\" class=\"wp-image-334\" width=\"488\" height=\"446\" srcset=\"https:\/\/refuge-athena.fr\/wp-content\/uploads\/2021\/08\/20170331_141130-edited-3-scaled-e1628878873112-1024x938.jpg 1024w, https:\/\/refuge-athena.fr\/wp-content\/uploads\/2021\/08\/20170331_141130-edited-3-scaled-e1628878873112-300x275.jpg 300w, https:\/\/refuge-athena.fr\/wp-content\/uploads\/2021\/08\/20170331_141130-edited-3-scaled-e1628878873112-768x704.jpg 768w, https:\/\/refuge-athena.fr\/wp-content\/uploads\/2021\/08\/20170331_141130-edited-3-scaled-e1628878873112.jpg 1299w\" sizes=\"auto, (max-width: 488px) 100vw, 488px\" \/><figcaption><strong>Titus et B\u00e9r\u00e9nice<\/strong>. <br><em>Que le jour&nbsp;recommence et&nbsp;que le jour finisse, <\/em><br><em>Sans que jamais Titus puisse voir B\u00e9r\u00e9nice<\/em><\/figcaption><\/figure><\/div>\n\n\n\n<ul class=\"wp-block-list\"><li>Pr\u00e9sentation de nos moutons et de leur laine<\/li><li>Comment carder la laine<\/li><li>Comment filer la laine (avec manipulation)<\/li><li>R\u00e9alisation d&rsquo;une petite pelote de laine<br>Tarif : 50 \u20ac\/personne &#8211; <em>deux heures<\/em><\/li><\/ul>\n\n\n\n<h2 class=\"wp-block-heading\">Savons<\/h2>\n\n\n\n<ul class=\"wp-block-list\"><li>Principe de la saponisation \u00e0 froid<\/li><li>R\u00e9alisation d&rsquo;un savon<br>Tarif : 50 \u20ac\/personne &#8211; <em>deux heures<\/em><\/li><\/ul>\n\n\n\n<h2 class=\"wp-block-heading\">R\u00e9servation<\/h2>\n\n\n\n<p>Nous ne proposons nos stages qu&rsquo;aux r\u00e9sidents du Refuge d&rsquo;Ath\u00e9na. Il est absolument n\u00e9cessaire de r\u00e9server vos stages au moment de la r\u00e9servation du g\u00eete afin que nous puissions disposer des fournitures n\u00e9cessaires et de pr\u00e9parer notre organisation. <\/p>\n\n\n\n<p>Les stages sont organis\u00e9s pour 4 personnes minimum<\/p>\n\n\n\n<p><\/p>\n","protected":false},"excerpt":{"rendered":"<p>A la Ferme, nous avons beaucoup d&rsquo;activit\u00e9s. Nous pouvons les partager avec vous au travers de \u00ab\u00a0micro-stages\u00a0\u00bb de deux \u00e0 trois heures qui vous permettront de d\u00e9couvrir des activit\u00e9s-loisirs et, peut-\u00eatre, de les adopter ! Voici les activit\u00e9s que nous proposons : Apiculture Visite du rucher et d&rsquo;une ruche (selon la m\u00e9t\u00e9o) Visite de la &hellip; <a href=\"https:\/\/refuge-athena.fr\/?page_id=277\" class=\"more-link\">Continuer la lecture de <span class=\"screen-reader-text\">D\u00e9couverte<\/span>  <span class=\"meta-nav\">&rarr;<\/span><\/a><\/p>\n","protected":false},"author":1,"featured_media":0,"parent":0,"menu_order":0,"comment_status":"closed","ping_status":"closed","template":"","meta":{"footnotes":""},"class_list":["post-277","page","type-page","status-publish","hentry"],"_links":{"self":[{"href":"https:\/\/refuge-athena.fr\/index.php?rest_route=\/wp\/v2\/pages\/277","targetHints":{"allow":["GET"]}}],"collection":[{"href":"https:\/\/refuge-athena.fr\/index.php?rest_route=\/wp\/v2\/pages"}],"about":[{"href":"https:\/\/refuge-athena.fr\/index.php?rest_route=\/wp\/v2\/types\/page"}],"author":[{"embeddable":true,"href":"https:\/\/refuge-athena.fr\/index.php?rest_route=\/wp\/v2\/users\/1"}],"replies":[{"embeddable":true,"href":"https:\/\/refuge-athena.fr\/index.php?rest_route=%2Fwp%2Fv2%2Fcomments&post=277"}],"version-history":[{"count":25,"href":"https:\/\/refuge-athena.fr\/index.php?rest_route=\/wp\/v2\/pages\/277\/revisions"}],"predecessor-version":[{"id":649,"href":"https:\/\/refuge-athena.fr\/index.php?rest_route=\/wp\/v2\/pages\/277\/revisions\/649"}],"wp:attachment":[{"href":"https:\/\/refuge-athena.fr\/index.php?rest_route=%2Fwp%2Fv2%2Fmedia&parent=277"}],"curies":[{"name":"wp","href":"https:\/\/api.w.org\/{rel}","templated":true}]}}