{"id":208,"date":"2021-08-11T22:45:36","date_gmt":"2021-08-11T20:45:36","guid":{"rendered":"http:\/\/refuge-athena.fr\/?page_id=208"},"modified":"2025-08-23T17:25:19","modified_gmt":"2025-08-23T15:25:19","slug":"se-restaurer","status":"publish","type":"page","link":"https:\/\/refuge-athena.fr\/?page_id=208","title":{"rendered":"Se restaurer au Refuge"},"content":{"rendered":"\n<p>Si vous arrivez en fin d&rsquo;apr\u00e8s-midi, il faut savoir que la commune est d\u00e9pouvue de magasin ou vous pourriez faire des courses alimentaires. Ainsi, Magny en Vexin (\u00e0 10 km) offre tous les commerces. Et une superette \u00e0 Bray et Lu (3 km) vous permettra de trouver le n\u00e9cessaire pour vous d\u00e9panner.<\/p>\n\n\n\n<h2 class=\"wp-block-heading\">D\u00eener autour de Chaussy<\/h2>\n\n\n\n<p><em>Si vous recherchez une \u00e9tape gastronomique, <a href=\"https:\/\/refuge-athena.fr\/?page_id=122\">visitez notre page de conseils<\/a><\/em><\/p>\n\n\n\n<ul class=\"wp-block-list\">\n<li><strong><a href=\"https:\/\/refuge-athena.fr\/?page_id=122\">Le Jardin d&rsquo;Epicure<\/a><\/strong> (Bray et Lu, 3 km)\u00a0<br>01 34 67 75 87 &#8211; Gastronomique<\/li>\n\n\n\n<li><a href=\"https:\/\/refuge-athena.fr\/?page_id=122\">L<strong>e Moulin de Fourges<\/strong><\/a> (Fourges, 5 km)\u00a0<br>02 32 52 12 12 &#8211; Cadre magnifique, bonne cuisine<\/li>\n\n\n\n<li><strong><a href=\"https:\/\/refuge-athena.fr\/?page_id=122\">Le Bord de Seine<\/a><\/strong> (La Roche Guyon, 7 km)\u00a0<br>01 30 98 32 52 &#8211; Cuisine traditionnelle en bord de Seine<\/li>\n\n\n\n<li><strong>Cr\u00eaperie la Cancalaise<\/strong> (La Roche Guyon, 7 km)&nbsp;<br>01 34 79 74 48 &#8211; Cr\u00eapes traditionnelles<\/li>\n\n\n\n<li><strong>Casa Victoria<\/strong> (La Roche Guyon, 7 km)<br>01 30 63 23 64 &#8211; Pizzas<\/li>\n<\/ul>\n\n\n\n<h2 class=\"wp-block-heading\">Repas et petit-d\u00e9jeuner au Refuge (options)<\/h2>\n\n\n\n<p><strong>A noter<\/strong> : Il n&rsquo;y a pas de restaurant \u00e0 Chaussy le soir. <br>Nous ne sommes pas table d&rsquo;h\u00f4te et ne servons pas de repas. <\/p>\n\n\n\n<p>Quoique nous ne servions pas de repas, lors de votre s\u00e9jour au Refuge, vous pouvez nous demander \u00e0 ce que l&rsquo;un des restaurants de la r\u00e9gion apporte des plateaux repas ou des pizzas. Si vous le souhaitez, nous pouvons vous mettre en relation. Et nous pouvons \u00e9tudier vos besoins. N&rsquo;h\u00e9sitez pas \u00e0 nous en parler d\u00e8s votre r\u00e9servation.<\/p>\n\n\n\n<p><\/p>\n\n\n<div class=\"wp-block-image\">\n<figure class=\"aligncenter size-large is-resized\"><img loading=\"lazy\" decoding=\"async\" width=\"768\" height=\"1024\" src=\"https:\/\/refuge-athena.fr\/wp-content\/uploads\/2021\/08\/IMG_20200525_112352-768x1024.jpg\" alt=\"\" class=\"wp-image-248\" style=\"width:484px;height:645px\" srcset=\"https:\/\/refuge-athena.fr\/wp-content\/uploads\/2021\/08\/IMG_20200525_112352-768x1024.jpg 768w, https:\/\/refuge-athena.fr\/wp-content\/uploads\/2021\/08\/IMG_20200525_112352-225x300.jpg 225w, https:\/\/refuge-athena.fr\/wp-content\/uploads\/2021\/08\/IMG_20200525_112352-1152x1536.jpg 1152w, https:\/\/refuge-athena.fr\/wp-content\/uploads\/2021\/08\/IMG_20200525_112352-1536x2048.jpg 1536w, https:\/\/refuge-athena.fr\/wp-content\/uploads\/2021\/08\/IMG_20200525_112352-scaled.jpg 1920w\" sizes=\"auto, (max-width: 768px) 100vw, 768px\" \/><figcaption class=\"wp-element-caption\">Le miel de la Ferme<\/figcaption><\/figure>\n<\/div>\n\n<div class=\"wp-block-image\">\n<figure class=\"aligncenter size-large is-resized\"><img loading=\"lazy\" decoding=\"async\" width=\"768\" height=\"1024\" src=\"https:\/\/refuge-athena.fr\/wp-content\/uploads\/2021\/08\/20200531_092814-1-768x1024.jpg\" alt=\"\" class=\"wp-image-249\" style=\"width:485px;height:646px\" srcset=\"https:\/\/refuge-athena.fr\/wp-content\/uploads\/2021\/08\/20200531_092814-1-768x1024.jpg 768w, https:\/\/refuge-athena.fr\/wp-content\/uploads\/2021\/08\/20200531_092814-1-225x300.jpg 225w, https:\/\/refuge-athena.fr\/wp-content\/uploads\/2021\/08\/20200531_092814-1-1152x1536.jpg 1152w, https:\/\/refuge-athena.fr\/wp-content\/uploads\/2021\/08\/20200531_092814-1-1536x2048.jpg 1536w, https:\/\/refuge-athena.fr\/wp-content\/uploads\/2021\/08\/20200531_092814-1-scaled.jpg 1920w\" sizes=\"auto, (max-width: 768px) 100vw, 768px\" \/><figcaption class=\"wp-element-caption\">Une de nos ruches<\/figcaption><\/figure>\n<\/div>","protected":false},"excerpt":{"rendered":"<p>Si vous arrivez en fin d&rsquo;apr\u00e8s-midi, il faut savoir que la commune est d\u00e9pouvue de magasin ou vous pourriez faire des courses alimentaires. Ainsi, Magny en Vexin (\u00e0 10 km) offre tous les commerces. Et une superette \u00e0 Bray et Lu (3 km) vous permettra de trouver le n\u00e9cessaire pour vous d\u00e9panner. D\u00eener autour de &hellip; <a href=\"https:\/\/refuge-athena.fr\/?page_id=208\" class=\"more-link\">Continuer la lecture de <span class=\"screen-reader-text\">Se restaurer au Refuge<\/span>  <span class=\"meta-nav\">&rarr;<\/span><\/a><\/p>\n","protected":false},"author":1,"featured_media":0,"parent":0,"menu_order":0,"comment_status":"closed","ping_status":"closed","template":"","meta":{"footnotes":""},"class_list":["post-208","page","type-page","status-publish","hentry"],"_links":{"self":[{"href":"https:\/\/refuge-athena.fr\/index.php?rest_route=\/wp\/v2\/pages\/208","targetHints":{"allow":["GET"]}}],"collection":[{"href":"https:\/\/refuge-athena.fr\/index.php?rest_route=\/wp\/v2\/pages"}],"about":[{"href":"https:\/\/refuge-athena.fr\/index.php?rest_route=\/wp\/v2\/types\/page"}],"author":[{"embeddable":true,"href":"https:\/\/refuge-athena.fr\/index.php?rest_route=\/wp\/v2\/users\/1"}],"replies":[{"embeddable":true,"href":"https:\/\/refuge-athena.fr\/index.php?rest_route=%2Fwp%2Fv2%2Fcomments&post=208"}],"version-history":[{"count":18,"href":"https:\/\/refuge-athena.fr\/index.php?rest_route=\/wp\/v2\/pages\/208\/revisions"}],"predecessor-version":[{"id":1143,"href":"https:\/\/refuge-athena.fr\/index.php?rest_route=\/wp\/v2\/pages\/208\/revisions\/1143"}],"wp:attachment":[{"href":"https:\/\/refuge-athena.fr\/index.php?rest_route=%2Fwp%2Fv2%2Fmedia&parent=208"}],"curies":[{"name":"wp","href":"https:\/\/api.w.org\/{rel}","templated":true}]}}