{"id":2,"date":"2021-08-10T11:00:39","date_gmt":"2021-08-10T09:00:39","guid":{"rendered":"http:\/\/refuge-athena.fr\/?page_id=2"},"modified":"2021-08-10T20:17:23","modified_gmt":"2021-08-10T18:17:23","slug":"page-d-exemple","status":"publish","type":"page","link":"https:\/\/refuge-athena.fr\/?page_id=2","title":{"rendered":"Le refuge d&rsquo;Ath\u00e9na"},"content":{"rendered":"\n<p class=\"has-drop-cap\"><strong>Le Refuge d&rsquo;Ath\u00e9na, ouvert en 2021, est,  \u00e0 l&rsquo;image des refuges de montagne, dot\u00e9 d&rsquo;un dortoir de 8 lits simples et d&rsquo;une pi\u00e8ce d&rsquo;accueil de 130 m\u00b2 comportant une cuisine, salon TV et le Wifi. L&rsquo;ensemble est compl\u00e9t\u00e9 par deux vastes douches et des toilettes, machine \u00e0 laver le linge etc.<\/strong><\/p>\n\n\n\n<p>Abrit\u00e9 dans ancien grenier \u00e0 grains r\u00e9nov\u00e9, le refuge est vaste, rustique et confortable. Il est situ\u00e9 au c\u0153ur d&rsquo;un petit village d&rsquo;Ile de France, non loin du Domaine de Villarceaux, la Roche Guyon, V\u00e9theuil et Giverny. <\/p>\n\n\n\n<p>Entour\u00e9 d&rsquo;un terrain attenant de 3 hectares bord\u00e9 d&rsquo;un ruisseau et d&rsquo;un petit \u00e9tang, l&rsquo;ensemble offre un d\u00e9paysement apaisant \u00e0 70 km de Paris. Il est \u00e9galement voisin d&rsquo;un golf r\u00e9put\u00e9.<\/p>\n\n\n\n<p>La Ferme permet \u00e9galement d&rsquo;accueillir des chevaux. Le village \u00e9tant situ\u00e9 sur l&rsquo;Avenue Verte (Le Paris-Londres \u00e0 v\u00e9lo), nous proposons aussi un petit atelier v\u00e9lo pour les avaries.<\/p>\n\n\n\n<p>Le g\u00eete est non fumeur<\/p>\n","protected":false},"excerpt":{"rendered":"<p>Le Refuge d&rsquo;Ath\u00e9na, ouvert en 2021, est, \u00e0 l&rsquo;image des refuges de montagne, dot\u00e9 d&rsquo;un dortoir de 8 lits simples et d&rsquo;une pi\u00e8ce d&rsquo;accueil de 130 m\u00b2 comportant une cuisine, salon TV et le Wifi. L&rsquo;ensemble est compl\u00e9t\u00e9 par deux vastes douches et des toilettes, machine \u00e0 laver le linge etc. Abrit\u00e9 dans ancien grenier &hellip; <a href=\"https:\/\/refuge-athena.fr\/?page_id=2\" class=\"more-link\">Continuer la lecture de <span class=\"screen-reader-text\">Le refuge d&rsquo;Ath\u00e9na<\/span>  <span class=\"meta-nav\">&rarr;<\/span><\/a><\/p>\n","protected":false},"author":1,"featured_media":11,"parent":0,"menu_order":0,"comment_status":"closed","ping_status":"open","template":"","meta":{"footnotes":""},"class_list":["post-2","page","type-page","status-publish","has-post-thumbnail","hentry"],"_links":{"self":[{"href":"https:\/\/refuge-athena.fr\/index.php?rest_route=\/wp\/v2\/pages\/2","targetHints":{"allow":["GET"]}}],"collection":[{"href":"https:\/\/refuge-athena.fr\/index.php?rest_route=\/wp\/v2\/pages"}],"about":[{"href":"https:\/\/refuge-athena.fr\/index.php?rest_route=\/wp\/v2\/types\/page"}],"author":[{"embeddable":true,"href":"https:\/\/refuge-athena.fr\/index.php?rest_route=\/wp\/v2\/users\/1"}],"replies":[{"embeddable":true,"href":"https:\/\/refuge-athena.fr\/index.php?rest_route=%2Fwp%2Fv2%2Fcomments&post=2"}],"version-history":[{"count":3,"href":"https:\/\/refuge-athena.fr\/index.php?rest_route=\/wp\/v2\/pages\/2\/revisions"}],"predecessor-version":[{"id":83,"href":"https:\/\/refuge-athena.fr\/index.php?rest_route=\/wp\/v2\/pages\/2\/revisions\/83"}],"wp:featuredmedia":[{"embeddable":true,"href":"https:\/\/refuge-athena.fr\/index.php?rest_route=\/wp\/v2\/media\/11"}],"wp:attachment":[{"href":"https:\/\/refuge-athena.fr\/index.php?rest_route=%2Fwp%2Fv2%2Fmedia&parent=2"}],"curies":[{"name":"wp","href":"https:\/\/api.w.org\/{rel}","templated":true}]}}