{"id":173,"date":"2021-08-11T20:16:06","date_gmt":"2021-08-11T18:16:06","guid":{"rendered":"http:\/\/refuge-athena.fr\/?page_id=173"},"modified":"2025-08-23T17:31:41","modified_gmt":"2025-08-23T15:31:41","slug":"sante-et-securite","status":"publish","type":"page","link":"https:\/\/refuge-athena.fr\/?page_id=173","title":{"rendered":"Sant\u00e9 et s\u00e9curit\u00e9"},"content":{"rendered":"\n<h2 class=\"wp-block-heading\">R\u00e8gles sanitaires Covid<\/h2>\n\n\n\n<p>Nous engageons  \u00e0 appliquer un processus de nettoyage renforc\u00e9. Pendant la pand\u00e9mie de Covid-19, tous les h\u00f4tes et les voyageurs doivent lire et suivre les consignes sanitaires en mati\u00e8re de distanciation sociale et les autres consignes relatives au Covid-19.<\/p>\n\n\n\n<p><strong>Nos visiteurs noteront que le respect de la r\u00e9glementation en cours de validit\u00e9 (pass sanitaire etc&#8230;) \u00e0 la date de s\u00e9jour est obligatoire pour s\u00e9journer au Domaine d&rsquo;Ath\u00e9na. Le pr\u00e9sentation d&rsquo;\u00e9ventuels documents doit \u00eatre accompagn\u00e9 de la pr\u00e9sentation d&rsquo;une pi\u00e8ce d&rsquo;identit\u00e9. <\/strong><\/p>\n\n\n\n<h2 class=\"wp-block-heading\">S\u00e9curit\u00e9<\/h2>\n\n\n\n<ul class=\"wp-block-list\">\n<li>Multi d\u00e9tecteurs de fum\u00e9e connect\u00e9s<\/li>\n\n\n\n<li>D\u00e9tecteur de monoxyde de carbone<\/li>\n\n\n\n<li>Extincteurs<\/li>\n\n\n\n<li>Couverture anti-feu<\/li>\n\n\n\n<li>Trousse de secours<\/li>\n\n\n\n<li>L&rsquo;attention des parents est attir\u00e9e sur la pr\u00e9sence d&rsquo;un petit \u00e9tang et d&rsquo;un cours d&rsquo;eau qui traversent toute la propri\u00e9t\u00e9 et dont l&rsquo;acc\u00e8s ne peut pas \u00eatre contr\u00f4l\u00e9 ou surveill\u00e9. Les jeunes enfants doivent donc \u00eatre surveill\u00e9s.<strong> Le Domaine d&rsquo;Ath\u00e9na d\u00e9cline toute responsabilit\u00e9 en cas d&rsquo;accident<\/strong>.<\/li>\n<\/ul>\n\n\n\n<h3 class=\"wp-block-heading\">\u00c0 savoir \u00e9galement<\/h3>\n\n\n\n<ul class=\"wp-block-list\">\n<li>Nous avons deux chiens et une brebis (quinze poules, deux oies (gentilles mais bruyantes !) plein de canards colverts et quelques ragondins qui ne mordent pas !).<\/li>\n\n\n\n<li>Au Refuge d&rsquo;Ath\u00e9na, le logement se situe au premier \u00e9tage, accessible par un large escalier de 23 marches. La chambre est situ\u00e9e au deuxi\u00e8me \u00e9tage accessible par un autre escalier plus petit. <\/li>\n<\/ul>\n","protected":false},"excerpt":{"rendered":"<p>R\u00e8gles sanitaires Covid Nous engageons \u00e0 appliquer un processus de nettoyage renforc\u00e9. Pendant la pand\u00e9mie de Covid-19, tous les h\u00f4tes et les voyageurs doivent lire et suivre les consignes sanitaires en mati\u00e8re de distanciation sociale et les autres consignes relatives au Covid-19. Nos visiteurs noteront que le respect de la r\u00e9glementation en cours de validit\u00e9 &hellip; <a href=\"https:\/\/refuge-athena.fr\/?page_id=173\" class=\"more-link\">Continuer la lecture de <span class=\"screen-reader-text\">Sant\u00e9 et s\u00e9curit\u00e9<\/span>  <span class=\"meta-nav\">&rarr;<\/span><\/a><\/p>\n","protected":false},"author":1,"featured_media":0,"parent":0,"menu_order":0,"comment_status":"closed","ping_status":"closed","template":"","meta":{"footnotes":""},"class_list":["post-173","page","type-page","status-publish","hentry"],"_links":{"self":[{"href":"https:\/\/refuge-athena.fr\/index.php?rest_route=\/wp\/v2\/pages\/173","targetHints":{"allow":["GET"]}}],"collection":[{"href":"https:\/\/refuge-athena.fr\/index.php?rest_route=\/wp\/v2\/pages"}],"about":[{"href":"https:\/\/refuge-athena.fr\/index.php?rest_route=\/wp\/v2\/types\/page"}],"author":[{"embeddable":true,"href":"https:\/\/refuge-athena.fr\/index.php?rest_route=\/wp\/v2\/users\/1"}],"replies":[{"embeddable":true,"href":"https:\/\/refuge-athena.fr\/index.php?rest_route=%2Fwp%2Fv2%2Fcomments&post=173"}],"version-history":[{"count":13,"href":"https:\/\/refuge-athena.fr\/index.php?rest_route=\/wp\/v2\/pages\/173\/revisions"}],"predecessor-version":[{"id":1150,"href":"https:\/\/refuge-athena.fr\/index.php?rest_route=\/wp\/v2\/pages\/173\/revisions\/1150"}],"wp:attachment":[{"href":"https:\/\/refuge-athena.fr\/index.php?rest_route=%2Fwp%2Fv2%2Fmedia&parent=173"}],"curies":[{"name":"wp","href":"https:\/\/api.w.org\/{rel}","templated":true}]}}