{"id":133,"date":"2021-08-11T17:52:09","date_gmt":"2021-08-11T15:52:09","guid":{"rendered":"http:\/\/refuge-athena.fr\/?page_id=133"},"modified":"2026-02-08T17:39:23","modified_gmt":"2026-02-08T16:39:23","slug":"la-ferme","status":"publish","type":"page","link":"https:\/\/refuge-athena.fr\/?page_id=133","title":{"rendered":"La Ferme de la Tour"},"content":{"rendered":"<div class=\"wp-block-image\">\n<figure class=\"aligncenter size-large is-resized\"><a href=\"https:\/\/refuge-athena.fr\/wp-content\/uploads\/2021\/08\/IMG_0249.jpg\"><img loading=\"lazy\" decoding=\"async\" width=\"1024\" height=\"683\" src=\"https:\/\/refuge-athena.fr\/wp-content\/uploads\/2021\/08\/IMG_0249.jpg\" alt=\"\" class=\"wp-image-171\" style=\"width:493px;height:328px\" srcset=\"https:\/\/refuge-athena.fr\/wp-content\/uploads\/2021\/08\/IMG_0249.jpg 1024w, https:\/\/refuge-athena.fr\/wp-content\/uploads\/2021\/08\/IMG_0249-300x200.jpg 300w, https:\/\/refuge-athena.fr\/wp-content\/uploads\/2021\/08\/IMG_0249-768x512.jpg 768w\" sizes=\"auto, (max-width: 1024px) 100vw, 1024px\" \/><\/a><figcaption class=\"wp-element-caption\">La ferme de la Tour \/ Domaine d&rsquo;Ath\u00e9na<\/figcaption><\/figure>\n<\/div>\n\n\n<p><strong>La Ferme dans laquelle nous vous accueillons, dite Ferme de la Tour, est un vaste corps de ferme dont les b\u00e2timents sont allong\u00e9s autour d&rsquo;une large cour. <\/strong><\/p>\n\n\n<div class=\"wp-block-image\">\n<figure class=\"aligncenter size-large\"><img loading=\"lazy\" decoding=\"async\" width=\"576\" height=\"1024\" src=\"https:\/\/refuge-athena.fr\/wp-content\/uploads\/2024\/12\/La-cour-576x1024.jpg\" alt=\"\" class=\"wp-image-1097\" srcset=\"https:\/\/refuge-athena.fr\/wp-content\/uploads\/2024\/12\/La-cour-576x1024.jpg 576w, https:\/\/refuge-athena.fr\/wp-content\/uploads\/2024\/12\/La-cour-169x300.jpg 169w, https:\/\/refuge-athena.fr\/wp-content\/uploads\/2024\/12\/La-cour-768x1365.jpg 768w, https:\/\/refuge-athena.fr\/wp-content\/uploads\/2024\/12\/La-cour-864x1536.jpg 864w, https:\/\/refuge-athena.fr\/wp-content\/uploads\/2024\/12\/La-cour-1153x2048.jpg 1153w, https:\/\/refuge-athena.fr\/wp-content\/uploads\/2024\/12\/La-cour-scaled.jpg 1441w\" sizes=\"auto, (max-width: 576px) 100vw, 576px\" \/><\/figure>\n<\/div>\n\n\n<p>Dot\u00e9e d&rsquo;\u00e9curies, d&rsquo;une maison d&rsquo;habitation et d&rsquo;un g\u00eete, le bas de la Ferme  pr\u00e9sente un \u00e9tang qui fait face aux ruines d&rsquo;un ancien pigeonnier.<\/p>\n\n\n<div class=\"wp-block-image\">\n<figure class=\"aligncenter size-large\"><a href=\"https:\/\/refuge-athena.fr\/wp-content\/uploads\/2024\/12\/La-tour.jpg\"><img loading=\"lazy\" decoding=\"async\" width=\"1024\" height=\"623\" src=\"https:\/\/refuge-athena.fr\/wp-content\/uploads\/2024\/12\/La-tour-1024x623.jpg\" alt=\"\" class=\"wp-image-1082\" srcset=\"https:\/\/refuge-athena.fr\/wp-content\/uploads\/2024\/12\/La-tour-1024x623.jpg 1024w, https:\/\/refuge-athena.fr\/wp-content\/uploads\/2024\/12\/La-tour-300x183.jpg 300w, https:\/\/refuge-athena.fr\/wp-content\/uploads\/2024\/12\/La-tour-768x467.jpg 768w, https:\/\/refuge-athena.fr\/wp-content\/uploads\/2024\/12\/La-tour.jpg 1413w\" sizes=\"auto, (max-width: 1024px) 100vw, 1024px\" \/><\/a><figcaption class=\"wp-element-caption\">L&rsquo;ancien pigeonnier<\/figcaption><\/figure>\n<\/div>\n\n\n<p>La Ferme de la Tour a \u00e9t\u00e9 construite (et d\u00e9construite) au fil des si\u00e8cles. Nombre de ses b\u00e2timents sont encore \u00e9rig\u00e9s aujourd&rsquo;hui, dont la grange d\u00eemi\u00e8re du 16\u00e8me si\u00e8cle et le pigeonnier. Certains \u00e9l\u00e9ments de charpente sont dat\u00e9s 1793&#8230; La convention montagnarde, le si\u00e8cle des Lumi\u00e8res. De quoi songer au temps qui passe, le notre et celui de l&rsquo;Histoire&#8230; Chaque pierre a une histoire ici et on comprend la somme d&rsquo;efforts qu&rsquo;il a fallu pour construire un tel ensemble. Les hommes (et femmes) avaient alors bien du courage&#8230; et de la force.<\/p>\n\n\n\n<figure class=\"wp-block-gallery has-nested-images columns-default is-cropped wp-block-gallery-1 is-layout-flex wp-block-gallery-is-layout-flex\">\n<figure class=\"wp-block-image size-large\"><img loading=\"lazy\" decoding=\"async\" width=\"567\" height=\"860\" data-id=\"1084\" src=\"https:\/\/refuge-athena.fr\/wp-content\/uploads\/2024\/12\/presse.jpg\" alt=\"\" class=\"wp-image-1084\" srcset=\"https:\/\/refuge-athena.fr\/wp-content\/uploads\/2024\/12\/presse.jpg 567w, https:\/\/refuge-athena.fr\/wp-content\/uploads\/2024\/12\/presse-198x300.jpg 198w\" sizes=\"auto, (max-width: 567px) 100vw, 567px\" \/><\/figure>\n\n\n\n<figure class=\"wp-block-image size-large\"><img loading=\"lazy\" decoding=\"async\" width=\"1024\" height=\"851\" data-id=\"1086\" src=\"https:\/\/refuge-athena.fr\/wp-content\/uploads\/2024\/12\/aplatisseur-1024x851.jpg\" alt=\"\" class=\"wp-image-1086\" srcset=\"https:\/\/refuge-athena.fr\/wp-content\/uploads\/2024\/12\/aplatisseur-1024x851.jpg 1024w, https:\/\/refuge-athena.fr\/wp-content\/uploads\/2024\/12\/aplatisseur-300x249.jpg 300w, https:\/\/refuge-athena.fr\/wp-content\/uploads\/2024\/12\/aplatisseur-768x638.jpg 768w, https:\/\/refuge-athena.fr\/wp-content\/uploads\/2024\/12\/aplatisseur.jpg 1035w\" sizes=\"auto, (max-width: 1024px) 100vw, 1024px\" \/><\/figure>\n\n\n\n<figure class=\"wp-block-image size-large\"><img loading=\"lazy\" decoding=\"async\" width=\"764\" height=\"860\" data-id=\"1085\" src=\"https:\/\/refuge-athena.fr\/wp-content\/uploads\/2024\/12\/tableau-bois.jpg\" alt=\"\" class=\"wp-image-1085\" srcset=\"https:\/\/refuge-athena.fr\/wp-content\/uploads\/2024\/12\/tableau-bois.jpg 764w, https:\/\/refuge-athena.fr\/wp-content\/uploads\/2024\/12\/tableau-bois-267x300.jpg 267w\" sizes=\"auto, (max-width: 764px) 100vw, 764px\" \/><\/figure>\n\n\n\n<figure class=\"wp-block-image size-large\"><img loading=\"lazy\" decoding=\"async\" width=\"1024\" height=\"668\" data-id=\"1087\" src=\"https:\/\/refuge-athena.fr\/wp-content\/uploads\/2024\/12\/Colliers-1024x668.jpg\" alt=\"\" class=\"wp-image-1087\" srcset=\"https:\/\/refuge-athena.fr\/wp-content\/uploads\/2024\/12\/Colliers-1024x668.jpg 1024w, https:\/\/refuge-athena.fr\/wp-content\/uploads\/2024\/12\/Colliers-300x196.jpg 300w, https:\/\/refuge-athena.fr\/wp-content\/uploads\/2024\/12\/Colliers-768x501.jpg 768w, https:\/\/refuge-athena.fr\/wp-content\/uploads\/2024\/12\/Colliers.jpg 1318w\" sizes=\"auto, (max-width: 1024px) 100vw, 1024px\" \/><\/figure>\n\n\n\n<figure class=\"wp-block-image size-full\"><img loading=\"lazy\" decoding=\"async\" width=\"1441\" height=\"2560\" data-id=\"1088\" src=\"https:\/\/refuge-athena.fr\/wp-content\/uploads\/2024\/12\/Glycine-scaled.jpg\" alt=\"\" class=\"wp-image-1088\" srcset=\"https:\/\/refuge-athena.fr\/wp-content\/uploads\/2024\/12\/Glycine-scaled.jpg 1441w, https:\/\/refuge-athena.fr\/wp-content\/uploads\/2024\/12\/Glycine-169x300.jpg 169w\" sizes=\"auto, (max-width: 1441px) 100vw, 1441px\" \/><\/figure>\n\n\n\n<figure class=\"wp-block-image size-large\"><img decoding=\"async\" data-id=\"1091\" src=\"https:\/\/refuge-athena.fr\/wp-content\/uploads\/2024\/12\/La-cour2.jpg\" alt=\"\" class=\"wp-image-1091\"\/><\/figure>\n\n\n\n<figure class=\"wp-block-image size-full\"><img loading=\"lazy\" decoding=\"async\" width=\"1441\" height=\"2560\" data-id=\"1089\" src=\"https:\/\/refuge-athena.fr\/wp-content\/uploads\/2024\/12\/Rhodo-scaled.jpg\" alt=\"\" class=\"wp-image-1089\" srcset=\"https:\/\/refuge-athena.fr\/wp-content\/uploads\/2024\/12\/Rhodo-scaled.jpg 1441w, https:\/\/refuge-athena.fr\/wp-content\/uploads\/2024\/12\/Rhodo-169x300.jpg 169w\" sizes=\"auto, (max-width: 1441px) 100vw, 1441px\" \/><\/figure>\n\n\n\n<figure class=\"wp-block-image size-large\"><img loading=\"lazy\" decoding=\"async\" width=\"576\" height=\"1024\" data-id=\"1092\" src=\"https:\/\/refuge-athena.fr\/wp-content\/uploads\/2024\/12\/marronnier1-576x1024.jpg\" alt=\"\" class=\"wp-image-1092\" srcset=\"https:\/\/refuge-athena.fr\/wp-content\/uploads\/2024\/12\/marronnier1-576x1024.jpg 576w, https:\/\/refuge-athena.fr\/wp-content\/uploads\/2024\/12\/marronnier1-169x300.jpg 169w, https:\/\/refuge-athena.fr\/wp-content\/uploads\/2024\/12\/marronnier1-768x1365.jpg 768w, https:\/\/refuge-athena.fr\/wp-content\/uploads\/2024\/12\/marronnier1-864x1536.jpg 864w, https:\/\/refuge-athena.fr\/wp-content\/uploads\/2024\/12\/marronnier1-1152x2048.jpg 1152w, https:\/\/refuge-athena.fr\/wp-content\/uploads\/2024\/12\/marronnier1-scaled.jpg 1440w\" sizes=\"auto, (max-width: 576px) 100vw, 576px\" \/><\/figure>\n\n\n\n<figure class=\"wp-block-image size-large\"><img loading=\"lazy\" decoding=\"async\" width=\"635\" height=\"1024\" data-id=\"1094\" src=\"https:\/\/refuge-athena.fr\/wp-content\/uploads\/2024\/12\/repos-maronnier-635x1024.jpg\" alt=\"\" class=\"wp-image-1094\" srcset=\"https:\/\/refuge-athena.fr\/wp-content\/uploads\/2024\/12\/repos-maronnier-635x1024.jpg 635w, https:\/\/refuge-athena.fr\/wp-content\/uploads\/2024\/12\/repos-maronnier-186x300.jpg 186w, https:\/\/refuge-athena.fr\/wp-content\/uploads\/2024\/12\/repos-maronnier-768x1239.jpg 768w, https:\/\/refuge-athena.fr\/wp-content\/uploads\/2024\/12\/repos-maronnier-952x1536.jpg 952w, https:\/\/refuge-athena.fr\/wp-content\/uploads\/2024\/12\/repos-maronnier-1269x2048.jpg 1269w, https:\/\/refuge-athena.fr\/wp-content\/uploads\/2024\/12\/repos-maronnier-scaled.jpg 1586w\" sizes=\"auto, (max-width: 635px) 100vw, 635px\" \/><\/figure>\n\n\n\n<figure class=\"wp-block-image size-full\"><img loading=\"lazy\" decoding=\"async\" width=\"1441\" height=\"2560\" data-id=\"1093\" src=\"https:\/\/refuge-athena.fr\/wp-content\/uploads\/2024\/12\/marronnier2-scaled.jpg\" alt=\"\" class=\"wp-image-1093\" srcset=\"https:\/\/refuge-athena.fr\/wp-content\/uploads\/2024\/12\/marronnier2-scaled.jpg 1441w, https:\/\/refuge-athena.fr\/wp-content\/uploads\/2024\/12\/marronnier2-169x300.jpg 169w\" sizes=\"auto, (max-width: 1441px) 100vw, 1441px\" \/><\/figure>\n\n\n\n<figure class=\"wp-block-image size-large\"><img loading=\"lazy\" decoding=\"async\" width=\"1024\" height=\"576\" data-id=\"1090\" src=\"https:\/\/refuge-athena.fr\/wp-content\/uploads\/2024\/12\/La-roseraie2-1024x576.jpg\" alt=\"\" class=\"wp-image-1090\" srcset=\"https:\/\/refuge-athena.fr\/wp-content\/uploads\/2024\/12\/La-roseraie2-1024x576.jpg 1024w, https:\/\/refuge-athena.fr\/wp-content\/uploads\/2024\/12\/La-roseraie2-300x169.jpg 300w, https:\/\/refuge-athena.fr\/wp-content\/uploads\/2024\/12\/La-roseraie2-768x432.jpg 768w, https:\/\/refuge-athena.fr\/wp-content\/uploads\/2024\/12\/La-roseraie2-1536x864.jpg 1536w, https:\/\/refuge-athena.fr\/wp-content\/uploads\/2024\/12\/La-roseraie2-2048x1153.jpg 2048w\" sizes=\"auto, (max-width: 1024px) 100vw, 1024px\" \/><\/figure>\n\n\n\n<figure class=\"wp-block-image size-large\"><img loading=\"lazy\" decoding=\"async\" width=\"1024\" height=\"576\" data-id=\"1095\" src=\"https:\/\/refuge-athena.fr\/wp-content\/uploads\/2024\/12\/La-roseraie-1024x576.jpg\" alt=\"\" class=\"wp-image-1095\" srcset=\"https:\/\/refuge-athena.fr\/wp-content\/uploads\/2024\/12\/La-roseraie-1024x576.jpg 1024w, https:\/\/refuge-athena.fr\/wp-content\/uploads\/2024\/12\/La-roseraie-300x169.jpg 300w, https:\/\/refuge-athena.fr\/wp-content\/uploads\/2024\/12\/La-roseraie-768x432.jpg 768w, https:\/\/refuge-athena.fr\/wp-content\/uploads\/2024\/12\/La-roseraie-1536x864.jpg 1536w, https:\/\/refuge-athena.fr\/wp-content\/uploads\/2024\/12\/La-roseraie-2048x1153.jpg 2048w\" sizes=\"auto, (max-width: 1024px) 100vw, 1024px\" \/><\/figure>\n<\/figure>\n\n\n\n<p><a href=\"https:\/\/refuge-athena.fr\/?page_id=305\" data-type=\"URL\" data-id=\"https:\/\/refuge-athena.fr\/?page_id=305\">Autour de la Ferme<\/a>, vous pourrez vous promener sur le domaine (pr\u00e9s, bois, bord de ruisseau) qui vous permettra de longer le village de Chaussy en suivant le ru qui traverse les terres et de d\u00e9couvrir la roseraie ou une c\u00e9p\u00e9e de bouleau majestueuse&#8230;<\/p>\n\n\n\n<p>Vous y d\u00e9couvrirez la nature sauvage ou \u00e0 demi-domestiqu\u00e9e, des abeilles, toutes sortes d&rsquo;oiseaux (m\u00e9sanges, pivert, pinsons, rouge-queue, rouge gorge, hirondelles ou h\u00e9ron et autres d&rsquo;insectes (papillons, libellules, sauterelles et scarab\u00e9es etc.).<\/p>\n\n\n\n<figure class=\"wp-block-gallery has-nested-images columns-default is-cropped wp-block-gallery-2 is-layout-flex wp-block-gallery-is-layout-flex\">\n<figure class=\"wp-block-image size-large\"><img loading=\"lazy\" decoding=\"async\" width=\"1024\" height=\"682\" data-id=\"148\" src=\"https:\/\/refuge-athena.fr\/wp-content\/uploads\/2021\/08\/IMG-20200419-WA0010-1024x682.jpg\" alt=\"\" class=\"wp-image-148\" srcset=\"https:\/\/refuge-athena.fr\/wp-content\/uploads\/2021\/08\/IMG-20200419-WA0010-1024x682.jpg 1024w, https:\/\/refuge-athena.fr\/wp-content\/uploads\/2021\/08\/IMG-20200419-WA0010-300x200.jpg 300w, https:\/\/refuge-athena.fr\/wp-content\/uploads\/2021\/08\/IMG-20200419-WA0010-768x512.jpg 768w, https:\/\/refuge-athena.fr\/wp-content\/uploads\/2021\/08\/IMG-20200419-WA0010-1536x1023.jpg 1536w, https:\/\/refuge-athena.fr\/wp-content\/uploads\/2021\/08\/IMG-20200419-WA0010.jpg 1600w\" sizes=\"auto, (max-width: 1024px) 100vw, 1024px\" \/><\/figure>\n\n\n\n<figure class=\"wp-block-image size-large\"><img loading=\"lazy\" decoding=\"async\" width=\"1024\" height=\"682\" data-id=\"149\" src=\"https:\/\/refuge-athena.fr\/wp-content\/uploads\/2021\/08\/IMG-20200419-WA0006-1024x682.jpg\" alt=\"\" class=\"wp-image-149\" srcset=\"https:\/\/refuge-athena.fr\/wp-content\/uploads\/2021\/08\/IMG-20200419-WA0006-1024x682.jpg 1024w, https:\/\/refuge-athena.fr\/wp-content\/uploads\/2021\/08\/IMG-20200419-WA0006-300x200.jpg 300w, https:\/\/refuge-athena.fr\/wp-content\/uploads\/2021\/08\/IMG-20200419-WA0006-768x512.jpg 768w, https:\/\/refuge-athena.fr\/wp-content\/uploads\/2021\/08\/IMG-20200419-WA0006-1536x1023.jpg 1536w, https:\/\/refuge-athena.fr\/wp-content\/uploads\/2021\/08\/IMG-20200419-WA0006.jpg 1600w\" sizes=\"auto, (max-width: 1024px) 100vw, 1024px\" \/><\/figure>\n\n\n\n<figure class=\"wp-block-image size-large\"><img loading=\"lazy\" decoding=\"async\" width=\"1024\" height=\"682\" data-id=\"150\" src=\"https:\/\/refuge-athena.fr\/wp-content\/uploads\/2021\/08\/IMG-20200419-WA0004-1024x682.jpg\" alt=\"\" class=\"wp-image-150\" srcset=\"https:\/\/refuge-athena.fr\/wp-content\/uploads\/2021\/08\/IMG-20200419-WA0004-1024x682.jpg 1024w, https:\/\/refuge-athena.fr\/wp-content\/uploads\/2021\/08\/IMG-20200419-WA0004-300x200.jpg 300w, https:\/\/refuge-athena.fr\/wp-content\/uploads\/2021\/08\/IMG-20200419-WA0004-768x512.jpg 768w, https:\/\/refuge-athena.fr\/wp-content\/uploads\/2021\/08\/IMG-20200419-WA0004-1536x1023.jpg 1536w, https:\/\/refuge-athena.fr\/wp-content\/uploads\/2021\/08\/IMG-20200419-WA0004.jpg 1600w\" sizes=\"auto, (max-width: 1024px) 100vw, 1024px\" \/><\/figure>\n\n\n\n<figure class=\"wp-block-image size-large\"><img loading=\"lazy\" decoding=\"async\" width=\"1024\" height=\"682\" data-id=\"151\" src=\"https:\/\/refuge-athena.fr\/wp-content\/uploads\/2021\/08\/IMG-20200419-WA0005-1024x682.jpg\" alt=\"\" class=\"wp-image-151\" srcset=\"https:\/\/refuge-athena.fr\/wp-content\/uploads\/2021\/08\/IMG-20200419-WA0005-1024x682.jpg 1024w, https:\/\/refuge-athena.fr\/wp-content\/uploads\/2021\/08\/IMG-20200419-WA0005-300x200.jpg 300w, https:\/\/refuge-athena.fr\/wp-content\/uploads\/2021\/08\/IMG-20200419-WA0005-768x512.jpg 768w, https:\/\/refuge-athena.fr\/wp-content\/uploads\/2021\/08\/IMG-20200419-WA0005-1536x1023.jpg 1536w, https:\/\/refuge-athena.fr\/wp-content\/uploads\/2021\/08\/IMG-20200419-WA0005.jpg 1600w\" sizes=\"auto, (max-width: 1024px) 100vw, 1024px\" \/><\/figure>\n\n\n\n<figure class=\"wp-block-image size-large\"><img loading=\"lazy\" decoding=\"async\" width=\"682\" height=\"1024\" data-id=\"152\" src=\"https:\/\/refuge-athena.fr\/wp-content\/uploads\/2021\/08\/IMG-20200419-WA0001-682x1024.jpg\" alt=\"\" class=\"wp-image-152\" srcset=\"https:\/\/refuge-athena.fr\/wp-content\/uploads\/2021\/08\/IMG-20200419-WA0001-682x1024.jpg 682w, https:\/\/refuge-athena.fr\/wp-content\/uploads\/2021\/08\/IMG-20200419-WA0001-200x300.jpg 200w, https:\/\/refuge-athena.fr\/wp-content\/uploads\/2021\/08\/IMG-20200419-WA0001-768x1153.jpg 768w, https:\/\/refuge-athena.fr\/wp-content\/uploads\/2021\/08\/IMG-20200419-WA0001-1023x1536.jpg 1023w, https:\/\/refuge-athena.fr\/wp-content\/uploads\/2021\/08\/IMG-20200419-WA0001.jpg 1066w\" sizes=\"auto, (max-width: 682px) 100vw, 682px\" \/><\/figure>\n\n\n\n<figure class=\"wp-block-image size-large\"><img loading=\"lazy\" decoding=\"async\" width=\"768\" height=\"1024\" data-id=\"153\" src=\"https:\/\/refuge-athena.fr\/wp-content\/uploads\/2021\/08\/20191208_132125-768x1024.jpg\" alt=\"\" class=\"wp-image-153\" srcset=\"https:\/\/refuge-athena.fr\/wp-content\/uploads\/2021\/08\/20191208_132125-768x1024.jpg 768w, https:\/\/refuge-athena.fr\/wp-content\/uploads\/2021\/08\/20191208_132125-225x300.jpg 225w, https:\/\/refuge-athena.fr\/wp-content\/uploads\/2021\/08\/20191208_132125-1152x1536.jpg 1152w, https:\/\/refuge-athena.fr\/wp-content\/uploads\/2021\/08\/20191208_132125-1536x2048.jpg 1536w, https:\/\/refuge-athena.fr\/wp-content\/uploads\/2021\/08\/20191208_132125-scaled.jpg 1920w\" sizes=\"auto, (max-width: 768px) 100vw, 768px\" \/><\/figure>\n<\/figure>\n\n\n\n<p>Une grande vari\u00e9t\u00e9 de plantes et d&rsquo;arbres vous sera \u00e9galement offerte  dont un majestueux marronnier multi-centenaire \u00e0 la puissance impressionnante et apaisante.<\/p>\n\n\n<div class=\"wp-block-image\">\n<figure class=\"aligncenter size-large is-resized\"><a href=\"https:\/\/refuge-athena.fr\/wp-content\/uploads\/2021\/08\/IMG_20140512_091822.jpg\"><img loading=\"lazy\" decoding=\"async\" width=\"1024\" height=\"1024\" src=\"https:\/\/refuge-athena.fr\/wp-content\/uploads\/2021\/08\/IMG_20140512_091822-1024x1024.jpg\" alt=\"\" class=\"wp-image-147\" style=\"width:493px;height:493px\" srcset=\"https:\/\/refuge-athena.fr\/wp-content\/uploads\/2021\/08\/IMG_20140512_091822-1024x1024.jpg 1024w, https:\/\/refuge-athena.fr\/wp-content\/uploads\/2021\/08\/IMG_20140512_091822-300x300.jpg 300w, https:\/\/refuge-athena.fr\/wp-content\/uploads\/2021\/08\/IMG_20140512_091822-150x150.jpg 150w, https:\/\/refuge-athena.fr\/wp-content\/uploads\/2021\/08\/IMG_20140512_091822-768x768.jpg 768w, https:\/\/refuge-athena.fr\/wp-content\/uploads\/2021\/08\/IMG_20140512_091822-1536x1536.jpg 1536w, https:\/\/refuge-athena.fr\/wp-content\/uploads\/2021\/08\/IMG_20140512_091822-2048x2048.jpg 2048w\" sizes=\"auto, (max-width: 1024px) 100vw, 1024px\" \/><\/a><figcaption class=\"wp-element-caption\">Le marronnier multi-s\u00e9culaire (&gt; 200 ans)<\/figcaption><\/figure>\n<\/div>\n\n<div class=\"wp-block-image\">\n<figure class=\"aligncenter size-large\"><img loading=\"lazy\" decoding=\"async\" width=\"1024\" height=\"594\" src=\"https:\/\/refuge-athena.fr\/wp-content\/uploads\/2024\/12\/maison-nuit-1-1024x594.jpg\" alt=\"\" class=\"wp-image-1100\" srcset=\"https:\/\/refuge-athena.fr\/wp-content\/uploads\/2024\/12\/maison-nuit-1-1024x594.jpg 1024w, https:\/\/refuge-athena.fr\/wp-content\/uploads\/2024\/12\/maison-nuit-1-300x174.jpg 300w, https:\/\/refuge-athena.fr\/wp-content\/uploads\/2024\/12\/maison-nuit-1-768x446.jpg 768w, https:\/\/refuge-athena.fr\/wp-content\/uploads\/2024\/12\/maison-nuit-1.jpg 1482w\" sizes=\"auto, (max-width: 1024px) 100vw, 1024px\" \/><\/figure>\n<\/div>","protected":false},"excerpt":{"rendered":"<p>La Ferme dans laquelle nous vous accueillons, dite Ferme de la Tour, est un vaste corps de ferme dont les b\u00e2timents sont allong\u00e9s autour d&rsquo;une large cour. Dot\u00e9e d&rsquo;\u00e9curies, d&rsquo;une maison d&rsquo;habitation et d&rsquo;un g\u00eete, le bas de la Ferme pr\u00e9sente un \u00e9tang qui fait face aux ruines d&rsquo;un ancien pigeonnier. La Ferme de la &hellip; <a href=\"https:\/\/refuge-athena.fr\/?page_id=133\" class=\"more-link\">Continuer la lecture de <span class=\"screen-reader-text\">La Ferme de la Tour<\/span>  <span class=\"meta-nav\">&rarr;<\/span><\/a><\/p>\n","protected":false},"author":1,"featured_media":0,"parent":0,"menu_order":0,"comment_status":"closed","ping_status":"closed","template":"","meta":{"footnotes":""},"class_list":["post-133","page","type-page","status-publish","hentry"],"_links":{"self":[{"href":"https:\/\/refuge-athena.fr\/index.php?rest_route=\/wp\/v2\/pages\/133","targetHints":{"allow":["GET"]}}],"collection":[{"href":"https:\/\/refuge-athena.fr\/index.php?rest_route=\/wp\/v2\/pages"}],"about":[{"href":"https:\/\/refuge-athena.fr\/index.php?rest_route=\/wp\/v2\/types\/page"}],"author":[{"embeddable":true,"href":"https:\/\/refuge-athena.fr\/index.php?rest_route=\/wp\/v2\/users\/1"}],"replies":[{"embeddable":true,"href":"https:\/\/refuge-athena.fr\/index.php?rest_route=%2Fwp%2Fv2%2Fcomments&post=133"}],"version-history":[{"count":17,"href":"https:\/\/refuge-athena.fr\/index.php?rest_route=\/wp\/v2\/pages\/133\/revisions"}],"predecessor-version":[{"id":1169,"href":"https:\/\/refuge-athena.fr\/index.php?rest_route=\/wp\/v2\/pages\/133\/revisions\/1169"}],"wp:attachment":[{"href":"https:\/\/refuge-athena.fr\/index.php?rest_route=%2Fwp%2Fv2%2Fmedia&parent=133"}],"curies":[{"name":"wp","href":"https:\/\/api.w.org\/{rel}","templated":true}]}}